{"id":991,"date":"2021-08-05T14:13:18","date_gmt":"2021-08-05T14:13:18","guid":{"rendered":"https:\/\/koraledetale.pl\/?post_type=product&#038;p=991"},"modified":"2024-11-11T15:21:11","modified_gmt":"2024-11-11T15:21:11","slug":"regulowany-naszyjnik-z-kunzytem-i-perla","status":"publish","type":"product","link":"https:\/\/koraledetale.pl\/?product=regulowany-naszyjnik-z-kunzytem-i-perla","title":{"rendered":"Regulowany naszyjnik KSI\u0118\u017bYC z kunzytem i per\u0142\u0105"},"content":{"rendered":"<p>Wielko\u015b\u0107 kamieni:<\/p>\n<ul>\n<li>kunzyt &#8211; 2,5 mm i 3,5 mm,<\/li>\n<li>per\u0142a &#8211; 4,5&#215;4 mm,<\/li>\n<li>hematyt &#8211; 2 mm.<\/li>\n<\/ul>\n<p>D\u0142ugo\u015b\u0107 naszyjnika do 63 cm + zawieszka 2,5 cm.<\/p>\n","protected":false},"excerpt":{"rendered":"<p>Delikatny naszyjnik z jasnor\u00f3\u017cowym kunzytem i r\u00f3\u017cow\u0105 per\u0142\u0105 oraz srebrnymi hematytami na mocnym sznureczku jubilerskim. Zwie\u0144czeniem naszyjnika jest zawieszka z nieuczulaj\u0105cej stali chirurgicznej (szlachetnej) w kszta\u0142cie ksi\u0119\u017cyca z kunzytem. Naszyjnik posiada \u0142\u0105tw\u0105 regulacj\u0119 d\u0142ugo\u015bci przez przesuni\u0119cie sznureczk\u00f3w przez hematytowe kuleczki.<\/p>\n","protected":false},"featured_media":993,"comment_status":"open","ping_status":"closed","template":"","meta":{"advanced_seo_description":"","jetpack_seo_html_title":"","jetpack_seo_noindex":false},"product_brand":[],"product_cat":[229],"product_tag":[422,421,420],"class_list":{"0":"post-991","1":"product","2":"type-product","3":"status-publish","4":"has-post-thumbnail","6":"product_cat-sprzedane","7":"product_tag-delikatny-naszyjnik-z-jasnorozowymi-kamieniami","8":"product_tag-naszyjnik-z-kunzytem-i-perla","9":"product_tag-regulowany-naszyjnik-z-ksiezycem","11":"first","12":"outofstock","13":"shipping-taxable","14":"product-type-simple"},"jetpack_sharing_enabled":true,"_links":{"self":[{"href":"https:\/\/koraledetale.pl\/index.php?rest_route=\/wp\/v2\/product\/991","targetHints":{"allow":["GET"]}}],"collection":[{"href":"https:\/\/koraledetale.pl\/index.php?rest_route=\/wp\/v2\/product"}],"about":[{"href":"https:\/\/koraledetale.pl\/index.php?rest_route=\/wp\/v2\/types\/product"}],"replies":[{"embeddable":true,"href":"https:\/\/koraledetale.pl\/index.php?rest_route=%2Fwp%2Fv2%2Fcomments&post=991"}],"wp:featuredmedia":[{"embeddable":true,"href":"https:\/\/koraledetale.pl\/index.php?rest_route=\/wp\/v2\/media\/993"}],"wp:attachment":[{"href":"https:\/\/koraledetale.pl\/index.php?rest_route=%2Fwp%2Fv2%2Fmedia&parent=991"}],"wp:term":[{"taxonomy":"product_brand","embeddable":true,"href":"https:\/\/koraledetale.pl\/index.php?rest_route=%2Fwp%2Fv2%2Fproduct_brand&post=991"},{"taxonomy":"product_cat","embeddable":true,"href":"https:\/\/koraledetale.pl\/index.php?rest_route=%2Fwp%2Fv2%2Fproduct_cat&post=991"},{"taxonomy":"product_tag","embeddable":true,"href":"https:\/\/koraledetale.pl\/index.php?rest_route=%2Fwp%2Fv2%2Fproduct_tag&post=991"}],"curies":[{"name":"wp","href":"https:\/\/api.w.org\/{rel}","templated":true}]}}