{"id":986,"date":"2021-08-04T12:02:08","date_gmt":"2021-08-04T12:02:08","guid":{"rendered":"https:\/\/koraledetale.pl\/?post_type=product&#038;p=986"},"modified":"2024-11-11T15:21:27","modified_gmt":"2024-11-11T15:21:27","slug":"kolczyki-z-turmalinami-i-ksiezycem","status":"publish","type":"product","link":"https:\/\/koraledetale.pl\/?product=kolczyki-z-turmalinami-i-ksiezycem","title":{"rendered":"Kolczyki z turmalinami i ksi\u0119\u017cycem"},"content":{"rendered":"<p>D\u0142ugo\u015b\u0107 kolczyk\u00f3w &#8211; 6 cm.<\/p>\n","protected":false},"excerpt":{"rendered":"<p>Kolczyki na otwartych biglach z kolorowymi turmalinami i sierpami ksi\u0119\u017cyca. Kolczyki wykonane s\u0105 z nieuczulaj\u0105cej stali chirurgicznej (szlachetnej).<\/p>\n","protected":false},"featured_media":988,"comment_status":"open","ping_status":"closed","template":"","meta":{"advanced_seo_description":"","jetpack_seo_html_title":"","jetpack_seo_noindex":false},"product_brand":[],"product_cat":[229],"product_tag":[95,418,107,108,419],"class_list":{"0":"post-986","1":"product","2":"type-product","3":"status-publish","4":"has-post-thumbnail","6":"product_cat-sprzedane","7":"product_tag-kolczyki-z-kamieniami-naturalnymi","8":"product_tag-kolczyki-z-turmalinami-i-ksiezycami","9":"product_tag-kolczyki-ze-stali-chirurgicznej","10":"product_tag-kolczyki-ze-stali-szlachetnej","11":"product_tag-wiszace-kolczyki-z-kolorowymi-kamieniami","13":"first","14":"outofstock","15":"shipping-taxable","16":"product-type-simple"},"jetpack_sharing_enabled":true,"_links":{"self":[{"href":"https:\/\/koraledetale.pl\/index.php?rest_route=\/wp\/v2\/product\/986","targetHints":{"allow":["GET"]}}],"collection":[{"href":"https:\/\/koraledetale.pl\/index.php?rest_route=\/wp\/v2\/product"}],"about":[{"href":"https:\/\/koraledetale.pl\/index.php?rest_route=\/wp\/v2\/types\/product"}],"replies":[{"embeddable":true,"href":"https:\/\/koraledetale.pl\/index.php?rest_route=%2Fwp%2Fv2%2Fcomments&post=986"}],"wp:featuredmedia":[{"embeddable":true,"href":"https:\/\/koraledetale.pl\/index.php?rest_route=\/wp\/v2\/media\/988"}],"wp:attachment":[{"href":"https:\/\/koraledetale.pl\/index.php?rest_route=%2Fwp%2Fv2%2Fmedia&parent=986"}],"wp:term":[{"taxonomy":"product_brand","embeddable":true,"href":"https:\/\/koraledetale.pl\/index.php?rest_route=%2Fwp%2Fv2%2Fproduct_brand&post=986"},{"taxonomy":"product_cat","embeddable":true,"href":"https:\/\/koraledetale.pl\/index.php?rest_route=%2Fwp%2Fv2%2Fproduct_cat&post=986"},{"taxonomy":"product_tag","embeddable":true,"href":"https:\/\/koraledetale.pl\/index.php?rest_route=%2Fwp%2Fv2%2Fproduct_tag&post=986"}],"curies":[{"name":"wp","href":"https:\/\/api.w.org\/{rel}","templated":true}]}}