{"id":982,"date":"2021-08-04T11:55:07","date_gmt":"2021-08-04T11:55:07","guid":{"rendered":"https:\/\/koraledetale.pl\/?post_type=product&#038;p=982"},"modified":"2024-11-11T15:21:47","modified_gmt":"2024-11-11T15:21:47","slug":"kolczyki-z-kianitami-2","status":"publish","type":"product","link":"https:\/\/koraledetale.pl\/?product=kolczyki-z-kianitami-2","title":{"rendered":"Kolczyki z kianitami"},"content":{"rendered":"<p>D\u0142ugo\u015b\u0107 kolczyk\u00f3w &#8211; 2,5 cm.<\/p>\n","protected":false},"excerpt":{"rendered":"<p>Kr\u00f3tkie kolczyki &#8211; k\u00f3\u0142eczka na sztyftach z ciemnymi jak niebo podczas burzy kianitami. Kolczyki wykonane s\u0105 z nieuczulaj\u0105cej stali chirurgicznej (szlachetnej).<\/p>\n","protected":false},"featured_media":983,"comment_status":"open","ping_status":"closed","template":"","meta":{"advanced_seo_description":"","jetpack_seo_html_title":"","jetpack_seo_noindex":false},"product_brand":[],"product_cat":[229],"product_tag":[416,95,415,107,108,417],"class_list":{"0":"post-982","1":"product","2":"type-product","3":"status-publish","4":"has-post-thumbnail","6":"product_cat-sprzedane","7":"product_tag-kolczyki-na-sztyfcie","8":"product_tag-kolczyki-z-kamieniami-naturalnymi","9":"product_tag-kolczyki-z-kianitami","10":"product_tag-kolczyki-ze-stali-chirurgicznej","11":"product_tag-kolczyki-ze-stali-szlachetnej","12":"product_tag-krotkie-kolczyki-na-sztyftach","14":"first","15":"outofstock","16":"shipping-taxable","17":"product-type-simple"},"jetpack_sharing_enabled":true,"_links":{"self":[{"href":"https:\/\/koraledetale.pl\/index.php?rest_route=\/wp\/v2\/product\/982","targetHints":{"allow":["GET"]}}],"collection":[{"href":"https:\/\/koraledetale.pl\/index.php?rest_route=\/wp\/v2\/product"}],"about":[{"href":"https:\/\/koraledetale.pl\/index.php?rest_route=\/wp\/v2\/types\/product"}],"replies":[{"embeddable":true,"href":"https:\/\/koraledetale.pl\/index.php?rest_route=%2Fwp%2Fv2%2Fcomments&post=982"}],"wp:featuredmedia":[{"embeddable":true,"href":"https:\/\/koraledetale.pl\/index.php?rest_route=\/wp\/v2\/media\/983"}],"wp:attachment":[{"href":"https:\/\/koraledetale.pl\/index.php?rest_route=%2Fwp%2Fv2%2Fmedia&parent=982"}],"wp:term":[{"taxonomy":"product_brand","embeddable":true,"href":"https:\/\/koraledetale.pl\/index.php?rest_route=%2Fwp%2Fv2%2Fproduct_brand&post=982"},{"taxonomy":"product_cat","embeddable":true,"href":"https:\/\/koraledetale.pl\/index.php?rest_route=%2Fwp%2Fv2%2Fproduct_cat&post=982"},{"taxonomy":"product_tag","embeddable":true,"href":"https:\/\/koraledetale.pl\/index.php?rest_route=%2Fwp%2Fv2%2Fproduct_tag&post=982"}],"curies":[{"name":"wp","href":"https:\/\/api.w.org\/{rel}","templated":true}]}}