{"id":977,"date":"2021-08-02T16:32:46","date_gmt":"2021-08-02T16:32:46","guid":{"rendered":"https:\/\/koraledetale.pl\/?post_type=product&#038;p=977"},"modified":"2024-11-11T15:21:58","modified_gmt":"2024-11-11T15:21:58","slug":"naszyjnik-jedwabny-agat","status":"publish","type":"product","link":"https:\/\/koraledetale.pl\/?product=naszyjnik-jedwabny-agat","title":{"rendered":"Naszyjnik JEDWABNY AGAT"},"content":{"rendered":"<p>D\u0142ugo\u015b\u0107 naszyjnika 80 cm + zawieszka 4 cm.<\/p>\n","protected":false},"excerpt":{"rendered":"<p>Naturalnie pi\u0119knie wybarwiony agat o kolorach od bia\u0142ego, po szary, liliowy, b\u0142\u0119kitny, turkusowy, zielony i khaki na jedwabnym sznureczku dobranym kolorystycznie do kamienia. Wa\u017cka z drapanej stali chirurgicznej (szlachetnej) dodaje naszyjnikowi filuterno\u015bci. Zapi\u0119cie i okucie r\u00f3wnie\u017c wykonane s\u0105 ze stali chirurgicznej (szlachetnej), wi\u0119c nie b\u0119d\u0105 powodowa\u0107 reakcji alergicznych na sk\u00f3rze. Ozdobne elementy przy kamieniu wykonane s\u0105 z nieuczulaj\u0105cych materia\u0142\u00f3w o bardzo wysokiej jako\u015bci firmy TierraCast.<\/p>\n","protected":false},"featured_media":978,"comment_status":"open","ping_status":"closed","template":"","meta":{"advanced_seo_description":"","jetpack_seo_html_title":"","jetpack_seo_noindex":false},"product_brand":[],"product_cat":[229],"product_tag":[413,411,412,414],"class_list":{"0":"post-977","1":"product","2":"type-product","3":"status-publish","4":"has-post-thumbnail","6":"product_cat-sprzedane","7":"product_tag-dlugi-naszyjnik-z-agatem","8":"product_tag-kamien-naturalny-na-jedwabiu","9":"product_tag-naszyjnik-z-duzym-agatem","10":"product_tag-naszyjnik-z-naturalnym-kamieniem","12":"first","13":"outofstock","14":"shipping-taxable","15":"product-type-simple"},"jetpack_sharing_enabled":true,"_links":{"self":[{"href":"https:\/\/koraledetale.pl\/index.php?rest_route=\/wp\/v2\/product\/977","targetHints":{"allow":["GET"]}}],"collection":[{"href":"https:\/\/koraledetale.pl\/index.php?rest_route=\/wp\/v2\/product"}],"about":[{"href":"https:\/\/koraledetale.pl\/index.php?rest_route=\/wp\/v2\/types\/product"}],"replies":[{"embeddable":true,"href":"https:\/\/koraledetale.pl\/index.php?rest_route=%2Fwp%2Fv2%2Fcomments&post=977"}],"wp:featuredmedia":[{"embeddable":true,"href":"https:\/\/koraledetale.pl\/index.php?rest_route=\/wp\/v2\/media\/978"}],"wp:attachment":[{"href":"https:\/\/koraledetale.pl\/index.php?rest_route=%2Fwp%2Fv2%2Fmedia&parent=977"}],"wp:term":[{"taxonomy":"product_brand","embeddable":true,"href":"https:\/\/koraledetale.pl\/index.php?rest_route=%2Fwp%2Fv2%2Fproduct_brand&post=977"},{"taxonomy":"product_cat","embeddable":true,"href":"https:\/\/koraledetale.pl\/index.php?rest_route=%2Fwp%2Fv2%2Fproduct_cat&post=977"},{"taxonomy":"product_tag","embeddable":true,"href":"https:\/\/koraledetale.pl\/index.php?rest_route=%2Fwp%2Fv2%2Fproduct_tag&post=977"}],"curies":[{"name":"wp","href":"https:\/\/api.w.org\/{rel}","templated":true}]}}