{"id":963,"date":"2021-07-26T15:13:26","date_gmt":"2021-07-26T15:13:26","guid":{"rendered":"https:\/\/koraledetale.pl\/?post_type=product&#038;p=963"},"modified":"2024-11-11T11:17:07","modified_gmt":"2024-11-11T11:17:07","slug":"lancuch","status":"publish","type":"product","link":"https:\/\/koraledetale.pl\/?product=lancuch","title":{"rendered":"\u0141a\u0144cuch GRUSZKA z du\u017c\u0105 per\u0142\u0105"},"content":{"rendered":"<p>Wielko\u015b\u0107 kamieni:<\/p>\n<ul>\n<li>per\u0142y &#8211; du\u017ca przy zawieszce: 18x11x7 mm, ma\u0142e per\u0142y po bokach: 3&#215;4 mm,<\/li>\n<li>hematyty &#8211; 3&#215;2 mm, 2 mm.<\/li>\n<\/ul>\n<p>D\u0142ugo\u015b\u0107 naszyjnika: 85 cm + zawieszka 4 cm.<\/p>\n<p>&nbsp;<\/p>\n","protected":false},"excerpt":{"rendered":"<p>D\u0142ugi \u0142a\u0144cuch w kolorze srebrnym, ze z\u0142otymi dodatkami i pere\u0142kami oraz du\u017c\u0105, nieregularn\u0105 per\u0142\u0105 zwie\u0144czaj\u0105c\u0105 naszyjnik. Wszystkie elementy metalowe wykonane s\u0105 ze stali chirurgicznej (szlachetnej).<\/p>\n","protected":false},"featured_media":966,"comment_status":"open","ping_status":"closed","template":"","meta":{"advanced_seo_description":"","jetpack_seo_html_title":"","jetpack_seo_noindex":false},"product_brand":[],"product_cat":[229],"product_tag":[408,407,183,182,195,196],"class_list":{"0":"post-963","1":"product","2":"type-product","3":"status-publish","4":"has-post-thumbnail","6":"product_cat-sprzedane","7":"product_tag-dlugi-naszyjnik-z-perlami","8":"product_tag-dlugi-lancuch-z-duza-perla","9":"product_tag-naszyjnik-z-perlami","10":"product_tag-lancuszek-z-perlami","11":"product_tag-lancuszek-ze-stali-chirurgicznej","12":"product_tag-lancuszek-ze-stali-szlachetnej","14":"first","15":"outofstock","16":"shipping-taxable","17":"product-type-simple"},"jetpack_sharing_enabled":true,"_links":{"self":[{"href":"https:\/\/koraledetale.pl\/index.php?rest_route=\/wp\/v2\/product\/963","targetHints":{"allow":["GET"]}}],"collection":[{"href":"https:\/\/koraledetale.pl\/index.php?rest_route=\/wp\/v2\/product"}],"about":[{"href":"https:\/\/koraledetale.pl\/index.php?rest_route=\/wp\/v2\/types\/product"}],"replies":[{"embeddable":true,"href":"https:\/\/koraledetale.pl\/index.php?rest_route=%2Fwp%2Fv2%2Fcomments&post=963"}],"wp:featuredmedia":[{"embeddable":true,"href":"https:\/\/koraledetale.pl\/index.php?rest_route=\/wp\/v2\/media\/966"}],"wp:attachment":[{"href":"https:\/\/koraledetale.pl\/index.php?rest_route=%2Fwp%2Fv2%2Fmedia&parent=963"}],"wp:term":[{"taxonomy":"product_brand","embeddable":true,"href":"https:\/\/koraledetale.pl\/index.php?rest_route=%2Fwp%2Fv2%2Fproduct_brand&post=963"},{"taxonomy":"product_cat","embeddable":true,"href":"https:\/\/koraledetale.pl\/index.php?rest_route=%2Fwp%2Fv2%2Fproduct_cat&post=963"},{"taxonomy":"product_tag","embeddable":true,"href":"https:\/\/koraledetale.pl\/index.php?rest_route=%2Fwp%2Fv2%2Fproduct_tag&post=963"}],"curies":[{"name":"wp","href":"https:\/\/api.w.org\/{rel}","templated":true}]}}