{"id":959,"date":"2021-07-23T14:43:21","date_gmt":"2021-07-23T14:43:21","guid":{"rendered":"https:\/\/koraledetale.pl\/?post_type=product&#038;p=959"},"modified":"2024-11-11T11:17:22","modified_gmt":"2024-11-11T11:17:22","slug":"kolczyki-lapacz-snow","status":"publish","type":"product","link":"https:\/\/koraledetale.pl\/?product=kolczyki-lapacz-snow","title":{"rendered":"Kolczyki \u0141APACZ SN\u00d3W"},"content":{"rendered":"<p>D\u0142ugo\u015b\u0107 kolczyk\u00f3w &#8211; ok. 16 cm (ko\u0144c\u00f3wki pi\u00f3r).<\/p>\n","protected":false},"excerpt":{"rendered":"<p>D\u0142ugie kolczyki w stylu boho z amarantowymi pi\u00f3rkami, okr\u0105g\u0142\u0105 zawieszk\u0105 i jadeitami. Kolczyki s\u0105 lekkie wi\u0119c nie b\u0119d\u0105 obci\u0105\u017ca\u0107 uszu. Dodatkowo wykonane s\u0105 ze stali chirurgicznej (szlachetnej), kt\u00f3ra nie wchodzi w reakcje alergiczne z naszym cia\u0142em.<\/p>\n","protected":false},"featured_media":954,"comment_status":"open","ping_status":"closed","template":"","meta":{"advanced_seo_description":"","jetpack_seo_html_title":"","jetpack_seo_noindex":false},"product_brand":[],"product_cat":[229],"product_tag":[405,404,406,107,108],"class_list":{"0":"post-959","1":"product","2":"type-product","3":"status-publish","4":"has-post-thumbnail","6":"product_cat-sprzedane","7":"product_tag-dlugie-koczyki-w-stylu-boho","8":"product_tag-dlugie-kolczyki-z-piorkami","9":"product_tag-dlugie-kolczyki-z-rozowymi-piorkami","10":"product_tag-kolczyki-ze-stali-chirurgicznej","11":"product_tag-kolczyki-ze-stali-szlachetnej","13":"first","14":"outofstock","15":"shipping-taxable","16":"product-type-simple"},"jetpack_sharing_enabled":true,"_links":{"self":[{"href":"https:\/\/koraledetale.pl\/index.php?rest_route=\/wp\/v2\/product\/959","targetHints":{"allow":["GET"]}}],"collection":[{"href":"https:\/\/koraledetale.pl\/index.php?rest_route=\/wp\/v2\/product"}],"about":[{"href":"https:\/\/koraledetale.pl\/index.php?rest_route=\/wp\/v2\/types\/product"}],"replies":[{"embeddable":true,"href":"https:\/\/koraledetale.pl\/index.php?rest_route=%2Fwp%2Fv2%2Fcomments&post=959"}],"wp:featuredmedia":[{"embeddable":true,"href":"https:\/\/koraledetale.pl\/index.php?rest_route=\/wp\/v2\/media\/954"}],"wp:attachment":[{"href":"https:\/\/koraledetale.pl\/index.php?rest_route=%2Fwp%2Fv2%2Fmedia&parent=959"}],"wp:term":[{"taxonomy":"product_brand","embeddable":true,"href":"https:\/\/koraledetale.pl\/index.php?rest_route=%2Fwp%2Fv2%2Fproduct_brand&post=959"},{"taxonomy":"product_cat","embeddable":true,"href":"https:\/\/koraledetale.pl\/index.php?rest_route=%2Fwp%2Fv2%2Fproduct_cat&post=959"},{"taxonomy":"product_tag","embeddable":true,"href":"https:\/\/koraledetale.pl\/index.php?rest_route=%2Fwp%2Fv2%2Fproduct_tag&post=959"}],"curies":[{"name":"wp","href":"https:\/\/api.w.org\/{rel}","templated":true}]}}