{"id":953,"date":"2021-07-23T13:37:07","date_gmt":"2021-07-23T13:37:07","guid":{"rendered":"https:\/\/koraledetale.pl\/?post_type=product&#038;p=953"},"modified":"2024-11-11T11:17:33","modified_gmt":"2024-11-11T11:17:33","slug":"kolczyki-muszelki-i-piorka","status":"publish","type":"product","link":"https:\/\/koraledetale.pl\/?product=kolczyki-muszelki-i-piorka","title":{"rendered":"Kolczyki MUSZELKI I PI\u00d3RKA"},"content":{"rendered":"<p>D\u0142ugo\u015b\u0107 kolczyk\u00f3w &#8211; 12 cm.<\/p>\n","protected":false},"excerpt":{"rendered":"<p>D\u0142ugie kolczyki w stylu boho z muszelk\u0105 kauri, rzemieniem i pi\u00f3rkiem. Kolczyki s\u0105 lekkie wi\u0119c nie b\u0119d\u0105 obci\u0105\u017ca\u0107 uszu. Dodatkowo wykonane s\u0105 ze stali chirurgicznej (szlachetnej), kt\u00f3ra nie wchodzi w reakcje alergiczne z naszym cia\u0142em.<\/p>\n","protected":false},"featured_media":957,"comment_status":"open","ping_status":"closed","template":"","meta":{"advanced_seo_description":"","jetpack_seo_html_title":"","jetpack_seo_noindex":false},"product_brand":[],"product_cat":[229],"product_tag":[398,353,403,107,108],"class_list":{"0":"post-953","1":"product","2":"type-product","3":"status-publish","4":"has-post-thumbnail","6":"product_cat-sprzedane","7":"product_tag-dlugie-kolczyki-w-stylu-boho","8":"product_tag-kolczyki-na-lato","9":"product_tag-kolczyki-z-piorkami-i-muszla","10":"product_tag-kolczyki-ze-stali-chirurgicznej","11":"product_tag-kolczyki-ze-stali-szlachetnej","13":"first","14":"outofstock","15":"shipping-taxable","16":"product-type-simple"},"jetpack_sharing_enabled":true,"_links":{"self":[{"href":"https:\/\/koraledetale.pl\/index.php?rest_route=\/wp\/v2\/product\/953","targetHints":{"allow":["GET"]}}],"collection":[{"href":"https:\/\/koraledetale.pl\/index.php?rest_route=\/wp\/v2\/product"}],"about":[{"href":"https:\/\/koraledetale.pl\/index.php?rest_route=\/wp\/v2\/types\/product"}],"replies":[{"embeddable":true,"href":"https:\/\/koraledetale.pl\/index.php?rest_route=%2Fwp%2Fv2%2Fcomments&post=953"}],"wp:featuredmedia":[{"embeddable":true,"href":"https:\/\/koraledetale.pl\/index.php?rest_route=\/wp\/v2\/media\/957"}],"wp:attachment":[{"href":"https:\/\/koraledetale.pl\/index.php?rest_route=%2Fwp%2Fv2%2Fmedia&parent=953"}],"wp:term":[{"taxonomy":"product_brand","embeddable":true,"href":"https:\/\/koraledetale.pl\/index.php?rest_route=%2Fwp%2Fv2%2Fproduct_brand&post=953"},{"taxonomy":"product_cat","embeddable":true,"href":"https:\/\/koraledetale.pl\/index.php?rest_route=%2Fwp%2Fv2%2Fproduct_cat&post=953"},{"taxonomy":"product_tag","embeddable":true,"href":"https:\/\/koraledetale.pl\/index.php?rest_route=%2Fwp%2Fv2%2Fproduct_tag&post=953"}],"curies":[{"name":"wp","href":"https:\/\/api.w.org\/{rel}","templated":true}]}}