{"id":949,"date":"2021-07-21T12:12:11","date_gmt":"2021-07-21T12:12:11","guid":{"rendered":"https:\/\/koraledetale.pl\/?post_type=product&#038;p=949"},"modified":"2024-11-11T11:17:47","modified_gmt":"2024-11-11T11:17:47","slug":"kolczyki-hippie-z-howlitem-turkusowym-i-koralem","status":"publish","type":"product","link":"https:\/\/koraledetale.pl\/?product=kolczyki-hippie-z-howlitem-turkusowym-i-koralem","title":{"rendered":"Kolczyki HIPPIE z howlitem turkusowym i koralem"},"content":{"rendered":"<p>Wielko\u015b\u0107 kamieni:<\/p>\n<ul>\n<li>howlit turkusowy\u2013 10\u00d78 mm,<\/li>\n<li>koral \u2013 7\u00d73 mm,<\/li>\n<li>srebrny hematyt \u2013 2 mm.<\/li>\n<\/ul>\n<p>D\u0142ugo\u015b\u0107 kolczyk\u00f3w \u2013 4,5 cm .<\/p>\n","protected":false},"excerpt":{"rendered":"<p>D\u0142ugie, ale lekkie kolczyki z \u0142ezk\u0105 turkusowego howlitu, wa\u0142eczkiem koralu i pi\u00f3rkiem. Wszystkie elementy metalowe wykonane s\u0105 z nieuczulaj\u0105cej stali chirurgicznej (szlachetnej).<\/p>\n","protected":false},"featured_media":945,"comment_status":"open","ping_status":"closed","template":"","meta":{"advanced_seo_description":"","jetpack_seo_html_title":"","jetpack_seo_noindex":false},"product_brand":[],"product_cat":[229],"product_tag":[398,399,400,402,401],"class_list":{"0":"post-949","1":"product","2":"type-product","3":"status-publish","4":"has-post-thumbnail","6":"product_cat-sprzedane","7":"product_tag-dlugie-kolczyki-w-stylu-boho","8":"product_tag-kolczyki-z-kolkiem","9":"product_tag-kolczyki-z-turkusem-i-koralem","10":"product_tag-lekkie-kolczyki-ze-stali-chirurgicznej","11":"product_tag-lekkie-kolczyki-ze-stali-szlachetnej","13":"first","14":"outofstock","15":"shipping-taxable","16":"product-type-simple"},"jetpack_sharing_enabled":true,"_links":{"self":[{"href":"https:\/\/koraledetale.pl\/index.php?rest_route=\/wp\/v2\/product\/949","targetHints":{"allow":["GET"]}}],"collection":[{"href":"https:\/\/koraledetale.pl\/index.php?rest_route=\/wp\/v2\/product"}],"about":[{"href":"https:\/\/koraledetale.pl\/index.php?rest_route=\/wp\/v2\/types\/product"}],"replies":[{"embeddable":true,"href":"https:\/\/koraledetale.pl\/index.php?rest_route=%2Fwp%2Fv2%2Fcomments&post=949"}],"wp:featuredmedia":[{"embeddable":true,"href":"https:\/\/koraledetale.pl\/index.php?rest_route=\/wp\/v2\/media\/945"}],"wp:attachment":[{"href":"https:\/\/koraledetale.pl\/index.php?rest_route=%2Fwp%2Fv2%2Fmedia&parent=949"}],"wp:term":[{"taxonomy":"product_brand","embeddable":true,"href":"https:\/\/koraledetale.pl\/index.php?rest_route=%2Fwp%2Fv2%2Fproduct_brand&post=949"},{"taxonomy":"product_cat","embeddable":true,"href":"https:\/\/koraledetale.pl\/index.php?rest_route=%2Fwp%2Fv2%2Fproduct_cat&post=949"},{"taxonomy":"product_tag","embeddable":true,"href":"https:\/\/koraledetale.pl\/index.php?rest_route=%2Fwp%2Fv2%2Fproduct_tag&post=949"}],"curies":[{"name":"wp","href":"https:\/\/api.w.org\/{rel}","templated":true}]}}