{"id":942,"date":"2021-07-21T12:00:55","date_gmt":"2021-07-21T12:00:55","guid":{"rendered":"https:\/\/koraledetale.pl\/?post_type=product&#038;p=942"},"modified":"2024-11-11T11:18:01","modified_gmt":"2024-11-11T11:18:01","slug":"dlugi-lancuch-boho-z-magnezytem-turkusem-i-koralem","status":"publish","type":"product","link":"https:\/\/koraledetale.pl\/?product=dlugi-lancuch-boho-z-magnezytem-turkusem-i-koralem","title":{"rendered":"D\u0142ugi \u0142a\u0144cuch HIPPIE z magnezytem, turkusem i koralem"},"content":{"rendered":"<p>Wielko\u015b\u0107 kamieni:<\/p>\n<ul>\n<li>magnezyt &#8211; 16&#215;12 mm,<\/li>\n<li>turkus &#8211; 4 mm,<\/li>\n<li>koral &#8211; 7&#215;3 mm, 5&#215;3 mm,<\/li>\n<li>srebrny hematyt &#8211; 2 mm.<\/li>\n<\/ul>\n<p>D\u0142ugo\u015b\u0107 \u0142a\u0144cucha &#8211; 82 cm + zawieszka 4 cm.<\/p>\n","protected":false},"excerpt":{"rendered":"<p>D\u0142ugi \u0142a\u0144cuszek z zawieszkami w kszta\u0142cie pi\u00f3rka, hamsy oraz kamieni &#8211; du\u017cej \u0142ezki magnezytu, wa\u0142eczk\u00f3w koralu i szlifowanych kulek turkusu. Wszystkie elementy metalowe wykonane s\u0105 z nieuczulaj\u0105cej stali chirurgicznej (szlachetnej).<\/p>\n","protected":false},"featured_media":947,"comment_status":"open","ping_status":"closed","template":"","meta":{"advanced_seo_description":"","jetpack_seo_html_title":"","jetpack_seo_noindex":false},"product_brand":[],"product_cat":[229],"product_tag":[396,246,397,395,195],"class_list":{"0":"post-942","1":"product","2":"type-product","3":"status-publish","4":"has-post-thumbnail","6":"product_cat-sprzedane","7":"product_tag-dlugi-lancuch-w-stylu-boho","8":"product_tag-krotki-lancuszek-ze-stali-chirurgicznej","9":"product_tag-lancuszek-z-kamieniami","10":"product_tag-lancuszek-z-turkusami-i-koralem","11":"product_tag-lancuszek-ze-stali-chirurgicznej","13":"first","14":"outofstock","15":"shipping-taxable","16":"product-type-simple"},"jetpack_sharing_enabled":true,"_links":{"self":[{"href":"https:\/\/koraledetale.pl\/index.php?rest_route=\/wp\/v2\/product\/942","targetHints":{"allow":["GET"]}}],"collection":[{"href":"https:\/\/koraledetale.pl\/index.php?rest_route=\/wp\/v2\/product"}],"about":[{"href":"https:\/\/koraledetale.pl\/index.php?rest_route=\/wp\/v2\/types\/product"}],"replies":[{"embeddable":true,"href":"https:\/\/koraledetale.pl\/index.php?rest_route=%2Fwp%2Fv2%2Fcomments&post=942"}],"wp:featuredmedia":[{"embeddable":true,"href":"https:\/\/koraledetale.pl\/index.php?rest_route=\/wp\/v2\/media\/947"}],"wp:attachment":[{"href":"https:\/\/koraledetale.pl\/index.php?rest_route=%2Fwp%2Fv2%2Fmedia&parent=942"}],"wp:term":[{"taxonomy":"product_brand","embeddable":true,"href":"https:\/\/koraledetale.pl\/index.php?rest_route=%2Fwp%2Fv2%2Fproduct_brand&post=942"},{"taxonomy":"product_cat","embeddable":true,"href":"https:\/\/koraledetale.pl\/index.php?rest_route=%2Fwp%2Fv2%2Fproduct_cat&post=942"},{"taxonomy":"product_tag","embeddable":true,"href":"https:\/\/koraledetale.pl\/index.php?rest_route=%2Fwp%2Fv2%2Fproduct_tag&post=942"}],"curies":[{"name":"wp","href":"https:\/\/api.w.org\/{rel}","templated":true}]}}