{"id":940,"date":"2021-07-20T13:18:41","date_gmt":"2021-07-20T13:18:41","guid":{"rendered":"https:\/\/koraledetale.pl\/?post_type=product&#038;p=940"},"modified":"2024-11-11T11:18:15","modified_gmt":"2024-11-11T11:18:15","slug":"kolczyki-z-cytrynami","status":"publish","type":"product","link":"https:\/\/koraledetale.pl\/?product=kolczyki-z-cytrynami","title":{"rendered":"Kolczyki z cytrynami"},"content":{"rendered":"<p>Wielko\u015b\u0107 ametyst\u00f3w \u2013 9\u00d79 mm.<\/p>\n<p>\u015arednica k\u00f3\u0142ek \u2013 13 mm.<\/p>\n<p>D\u0142ugo\u015b\u0107 kolczyk\u00f3w \u2013 3 cm<\/p>\n","protected":false},"excerpt":{"rendered":"<p>Malutkie k\u00f3\u0142ka z nieuczulaj\u0105cej stali chirurgicznej (szlachetnej) z krystalicznym cytrynem.<\/p>\n","protected":false},"featured_media":935,"comment_status":"open","ping_status":"closed","template":"","meta":{"advanced_seo_description":"","jetpack_seo_html_title":"","jetpack_seo_noindex":false},"product_brand":[],"product_cat":[229],"product_tag":[394,392,393,391],"class_list":{"0":"post-940","1":"product","2":"type-product","3":"status-publish","4":"has-post-thumbnail","6":"product_cat-sprzedane","7":"product_tag-kolczyki-kolka-z-cytrynem","8":"product_tag-kolka-ze-stali-chirurgicznej","9":"product_tag-kolka-ze-stali-szlachetnej","10":"product_tag-krotkie-kolczyki-z-cytrynem","12":"first","13":"outofstock","14":"shipping-taxable","15":"product-type-simple"},"jetpack_sharing_enabled":true,"_links":{"self":[{"href":"https:\/\/koraledetale.pl\/index.php?rest_route=\/wp\/v2\/product\/940","targetHints":{"allow":["GET"]}}],"collection":[{"href":"https:\/\/koraledetale.pl\/index.php?rest_route=\/wp\/v2\/product"}],"about":[{"href":"https:\/\/koraledetale.pl\/index.php?rest_route=\/wp\/v2\/types\/product"}],"replies":[{"embeddable":true,"href":"https:\/\/koraledetale.pl\/index.php?rest_route=%2Fwp%2Fv2%2Fcomments&post=940"}],"wp:featuredmedia":[{"embeddable":true,"href":"https:\/\/koraledetale.pl\/index.php?rest_route=\/wp\/v2\/media\/935"}],"wp:attachment":[{"href":"https:\/\/koraledetale.pl\/index.php?rest_route=%2Fwp%2Fv2%2Fmedia&parent=940"}],"wp:term":[{"taxonomy":"product_brand","embeddable":true,"href":"https:\/\/koraledetale.pl\/index.php?rest_route=%2Fwp%2Fv2%2Fproduct_brand&post=940"},{"taxonomy":"product_cat","embeddable":true,"href":"https:\/\/koraledetale.pl\/index.php?rest_route=%2Fwp%2Fv2%2Fproduct_cat&post=940"},{"taxonomy":"product_tag","embeddable":true,"href":"https:\/\/koraledetale.pl\/index.php?rest_route=%2Fwp%2Fv2%2Fproduct_tag&post=940"}],"curies":[{"name":"wp","href":"https:\/\/api.w.org\/{rel}","templated":true}]}}