{"id":934,"date":"2021-07-20T13:12:57","date_gmt":"2021-07-20T13:12:57","guid":{"rendered":"https:\/\/koraledetale.pl\/?post_type=product&#038;p=934"},"modified":"2024-11-11T11:18:31","modified_gmt":"2024-11-11T11:18:31","slug":"lancuszek-z-cytrynem-rubinem-i-oneksem","status":"publish","type":"product","link":"https:\/\/koraledetale.pl\/?product=lancuszek-z-cytrynem-rubinem-i-oneksem","title":{"rendered":"\u0141a\u0144cuszek z cytrynem, rubinem i onyksem"},"content":{"rendered":"<p>Wielko\u015b\u0107 kamieni:<\/p>\n<ul>\n<li>ametyst \u2013 9\u00d79 mm,<\/li>\n<li>rubin \u2013 6\u00d74 mm,<\/li>\n<li>onyks \u2013 6\u00d75 mm.<\/li>\n<\/ul>\n<p>D\u0142ugo\u015b\u0107 naszyjnika: 45 cm.<\/p>\n","protected":false},"excerpt":{"rendered":"<p>Delikatny\u00a0 \u0142a\u0144cuszek ze stali chirurgicznej (szlachetnej) z krystalicznym cytrynem, rubinem i zielonym onyksem.<\/p>\n","protected":false},"featured_media":937,"comment_status":"open","ping_status":"closed","template":"","meta":{"advanced_seo_description":"","jetpack_seo_html_title":"","jetpack_seo_noindex":false},"product_brand":[],"product_cat":[229],"product_tag":[390,117,152,197,389,195,196],"class_list":{"0":"post-934","1":"product","2":"type-product","3":"status-publish","4":"has-post-thumbnail","6":"product_cat-sprzedane","7":"product_tag-naszyjnik-z-cytrynem-rubinem-i-zielonym-onyksem","8":"product_tag-rubin","9":"product_tag-zielony-onyks","10":"product_tag-lancuszek-z-kamieniami-naturalnymi","11":"product_tag-lancuszek-z-krysztalami","12":"product_tag-lancuszek-ze-stali-chirurgicznej","13":"product_tag-lancuszek-ze-stali-szlachetnej","15":"first","16":"outofstock","17":"shipping-taxable","18":"product-type-simple"},"jetpack_sharing_enabled":true,"_links":{"self":[{"href":"https:\/\/koraledetale.pl\/index.php?rest_route=\/wp\/v2\/product\/934","targetHints":{"allow":["GET"]}}],"collection":[{"href":"https:\/\/koraledetale.pl\/index.php?rest_route=\/wp\/v2\/product"}],"about":[{"href":"https:\/\/koraledetale.pl\/index.php?rest_route=\/wp\/v2\/types\/product"}],"replies":[{"embeddable":true,"href":"https:\/\/koraledetale.pl\/index.php?rest_route=%2Fwp%2Fv2%2Fcomments&post=934"}],"wp:featuredmedia":[{"embeddable":true,"href":"https:\/\/koraledetale.pl\/index.php?rest_route=\/wp\/v2\/media\/937"}],"wp:attachment":[{"href":"https:\/\/koraledetale.pl\/index.php?rest_route=%2Fwp%2Fv2%2Fmedia&parent=934"}],"wp:term":[{"taxonomy":"product_brand","embeddable":true,"href":"https:\/\/koraledetale.pl\/index.php?rest_route=%2Fwp%2Fv2%2Fproduct_brand&post=934"},{"taxonomy":"product_cat","embeddable":true,"href":"https:\/\/koraledetale.pl\/index.php?rest_route=%2Fwp%2Fv2%2Fproduct_cat&post=934"},{"taxonomy":"product_tag","embeddable":true,"href":"https:\/\/koraledetale.pl\/index.php?rest_route=%2Fwp%2Fv2%2Fproduct_tag&post=934"}],"curies":[{"name":"wp","href":"https:\/\/api.w.org\/{rel}","templated":true}]}}