{"id":926,"date":"2021-07-18T08:24:08","date_gmt":"2021-07-18T08:24:08","guid":{"rendered":"https:\/\/koraledetale.pl\/?post_type=product&#038;p=926"},"modified":"2024-11-11T11:18:45","modified_gmt":"2024-11-11T11:18:45","slug":"regulowany-naszyjnik-z-kianitami","status":"publish","type":"product","link":"https:\/\/koraledetale.pl\/?product=regulowany-naszyjnik-z-kianitami","title":{"rendered":"Regulowany naszyjnik z kianitami"},"content":{"rendered":"<p>Wielko\u015b\u0107 kamieni:<\/p>\n<ul>\n<li>kianit &#8211; 3,5 mm i 8&#215;8 mm,<\/li>\n<li>hematyt &#8211; 2 mm.<\/li>\n<\/ul>\n<p>D\u0142ugo\u015b\u0107 naszyjnika do 67 cm + 2,6 cm.<\/p>\n","protected":false},"excerpt":{"rendered":"<p>Regulowany naszyjnik z b\u0142\u0119kitnych kianit\u00f3w i\u00a0 z\u0142otych hematyt\u00f3w na b\u0142\u0119kitnej mocnej nici jubilerskiej. Naszyjnik bez problemu dopasujesz do dekoltu reguluj\u0105c jego d\u0142ugo\u015b\u0107 przez przesuni\u0119cie nitek przez hematytowe kuleczki.<\/p>\n","protected":false},"featured_media":927,"comment_status":"open","ping_status":"closed","template":"","meta":{"advanced_seo_description":"","jetpack_seo_html_title":"","jetpack_seo_noindex":false},"product_brand":[],"product_cat":[229],"product_tag":[387,388,386],"class_list":{"0":"post-926","1":"product","2":"type-product","3":"status-publish","4":"has-post-thumbnail","6":"product_cat-sprzedane","7":"product_tag-delikatny-naszyjnik-z-blekitnymi-kamieniami","8":"product_tag-naszyjnik-na-sznureczku","9":"product_tag-regulowany-naszyjnik-z-kianitami","11":"first","12":"outofstock","13":"shipping-taxable","14":"product-type-simple"},"jetpack_sharing_enabled":true,"_links":{"self":[{"href":"https:\/\/koraledetale.pl\/index.php?rest_route=\/wp\/v2\/product\/926","targetHints":{"allow":["GET"]}}],"collection":[{"href":"https:\/\/koraledetale.pl\/index.php?rest_route=\/wp\/v2\/product"}],"about":[{"href":"https:\/\/koraledetale.pl\/index.php?rest_route=\/wp\/v2\/types\/product"}],"replies":[{"embeddable":true,"href":"https:\/\/koraledetale.pl\/index.php?rest_route=%2Fwp%2Fv2%2Fcomments&post=926"}],"wp:featuredmedia":[{"embeddable":true,"href":"https:\/\/koraledetale.pl\/index.php?rest_route=\/wp\/v2\/media\/927"}],"wp:attachment":[{"href":"https:\/\/koraledetale.pl\/index.php?rest_route=%2Fwp%2Fv2%2Fmedia&parent=926"}],"wp:term":[{"taxonomy":"product_brand","embeddable":true,"href":"https:\/\/koraledetale.pl\/index.php?rest_route=%2Fwp%2Fv2%2Fproduct_brand&post=926"},{"taxonomy":"product_cat","embeddable":true,"href":"https:\/\/koraledetale.pl\/index.php?rest_route=%2Fwp%2Fv2%2Fproduct_cat&post=926"},{"taxonomy":"product_tag","embeddable":true,"href":"https:\/\/koraledetale.pl\/index.php?rest_route=%2Fwp%2Fv2%2Fproduct_tag&post=926"}],"curies":[{"name":"wp","href":"https:\/\/api.w.org\/{rel}","templated":true}]}}