{"id":914,"date":"2021-07-17T09:10:28","date_gmt":"2021-07-17T09:10:28","guid":{"rendered":"https:\/\/koraledetale.pl\/?post_type=product&#038;p=914"},"modified":"2024-11-11T11:19:19","modified_gmt":"2024-11-11T11:19:19","slug":"lancuszek-z-ametystem-iolitem-i-peridotem","status":"publish","type":"product","link":"https:\/\/koraledetale.pl\/?product=lancuszek-z-ametystem-iolitem-i-peridotem","title":{"rendered":"\u0141a\u0144cuszek z ametystem, iolitem i peridotem"},"content":{"rendered":"<p>Wielko\u015b\u0107 kamieni:<\/p>\n<ul>\n<li>ametyst &#8211; 9&#215;5 mm,<\/li>\n<li>iolit &#8211; 7&#215;5 mm,<\/li>\n<li>peridot &#8211; 5&#215;3 mm.<\/li>\n<\/ul>\n<p>D\u0142ugo\u015b\u0107 naszyjnika: 40-45 cm.<\/p>\n","protected":false},"excerpt":{"rendered":"<p>Delikatny\u00a0 \u0142a\u0144cuszek ze stali chirurgicznej (szlachetnej) z krystalicznym ametystem, kroplami iolitu i peridotu.<\/p>\n","protected":false},"featured_media":921,"comment_status":"open","ping_status":"closed","template":"","meta":{"advanced_seo_description":"","jetpack_seo_html_title":"","jetpack_seo_noindex":false},"product_brand":[],"product_cat":[229],"product_tag":[382,247,66,381,197,195],"class_list":{"0":"post-914","1":"product","2":"type-product","3":"status-publish","4":"has-post-thumbnail","6":"product_cat-sprzedane","7":"product_tag-delikatny-naszyjnik-z-krysztalami","8":"product_tag-krotki-lancuszek-ze-stali-szlachetnej","9":"product_tag-naszyjnik-z-kamieniami-naturalnymi","10":"product_tag-lancuszek-z-ametystem-iolitem-i-peridotem","11":"product_tag-lancuszek-z-kamieniami-naturalnymi","12":"product_tag-lancuszek-ze-stali-chirurgicznej","14":"first","15":"outofstock","16":"shipping-taxable","17":"product-type-simple"},"jetpack_sharing_enabled":true,"_links":{"self":[{"href":"https:\/\/koraledetale.pl\/index.php?rest_route=\/wp\/v2\/product\/914","targetHints":{"allow":["GET"]}}],"collection":[{"href":"https:\/\/koraledetale.pl\/index.php?rest_route=\/wp\/v2\/product"}],"about":[{"href":"https:\/\/koraledetale.pl\/index.php?rest_route=\/wp\/v2\/types\/product"}],"replies":[{"embeddable":true,"href":"https:\/\/koraledetale.pl\/index.php?rest_route=%2Fwp%2Fv2%2Fcomments&post=914"}],"wp:featuredmedia":[{"embeddable":true,"href":"https:\/\/koraledetale.pl\/index.php?rest_route=\/wp\/v2\/media\/921"}],"wp:attachment":[{"href":"https:\/\/koraledetale.pl\/index.php?rest_route=%2Fwp%2Fv2%2Fmedia&parent=914"}],"wp:term":[{"taxonomy":"product_brand","embeddable":true,"href":"https:\/\/koraledetale.pl\/index.php?rest_route=%2Fwp%2Fv2%2Fproduct_brand&post=914"},{"taxonomy":"product_cat","embeddable":true,"href":"https:\/\/koraledetale.pl\/index.php?rest_route=%2Fwp%2Fv2%2Fproduct_cat&post=914"},{"taxonomy":"product_tag","embeddable":true,"href":"https:\/\/koraledetale.pl\/index.php?rest_route=%2Fwp%2Fv2%2Fproduct_tag&post=914"}],"curies":[{"name":"wp","href":"https:\/\/api.w.org\/{rel}","templated":true}]}}