{"id":911,"date":"2021-07-16T13:20:50","date_gmt":"2021-07-16T13:20:50","guid":{"rendered":"https:\/\/koraledetale.pl\/?post_type=product&#038;p=911"},"modified":"2024-11-11T11:19:28","modified_gmt":"2024-11-11T11:19:28","slug":"regulowana-bransoletka-z-granatami-i-turkusem","status":"publish","type":"product","link":"https:\/\/koraledetale.pl\/?product=regulowana-bransoletka-z-granatami-i-turkusem","title":{"rendered":"Regulowana bransoletka z granatami i turkusem"},"content":{"rendered":"<p>Wielko\u015b\u0107 kamieni:<\/p>\n<ul>\n<li>granat: 3 mm,<\/li>\n<li>turkus: 4 mm i 2,5 mm,<\/li>\n<li>hematyt: 2 mm.<\/li>\n<\/ul>\n<p>D\u0142ugo\u015b\u0107 bransoletki od bardzo kr\u00f3tkiej (regulowanej indywidualnie) do 22 cm.<\/p>\n","protected":false},"excerpt":{"rendered":"<p>Delikatna bransoletka na mocnym sznureczku z granatami w kolorze czerwonego wina z turkusem i z\u0142otymi hematytami. Bransoletk\u0119 \u0142atwo dopasujesz do obwodu nadgarstka przez poci\u0105gni\u0119cie sznureczk\u00f3w przez w\u0119ze\u0142 makramowy.<\/p>\n","protected":false},"featured_media":908,"comment_status":"open","ping_status":"closed","template":"","meta":{"advanced_seo_description":"","jetpack_seo_html_title":"","jetpack_seo_noindex":false},"product_brand":[],"product_cat":[229],"product_tag":[379,378,380],"class_list":{"0":"post-911","1":"product","2":"type-product","3":"status-publish","4":"has-post-thumbnail","6":"product_cat-sprzedane","7":"product_tag-bransoletka-na-sznureczku","8":"product_tag-bransoletka-z-granatow-i-turkusu","9":"product_tag-delikatna-bransoletka-z-kamieniami-naturalnymi","11":"first","12":"outofstock","13":"shipping-taxable","14":"product-type-simple"},"jetpack_sharing_enabled":true,"_links":{"self":[{"href":"https:\/\/koraledetale.pl\/index.php?rest_route=\/wp\/v2\/product\/911","targetHints":{"allow":["GET"]}}],"collection":[{"href":"https:\/\/koraledetale.pl\/index.php?rest_route=\/wp\/v2\/product"}],"about":[{"href":"https:\/\/koraledetale.pl\/index.php?rest_route=\/wp\/v2\/types\/product"}],"replies":[{"embeddable":true,"href":"https:\/\/koraledetale.pl\/index.php?rest_route=%2Fwp%2Fv2%2Fcomments&post=911"}],"wp:featuredmedia":[{"embeddable":true,"href":"https:\/\/koraledetale.pl\/index.php?rest_route=\/wp\/v2\/media\/908"}],"wp:attachment":[{"href":"https:\/\/koraledetale.pl\/index.php?rest_route=%2Fwp%2Fv2%2Fmedia&parent=911"}],"wp:term":[{"taxonomy":"product_brand","embeddable":true,"href":"https:\/\/koraledetale.pl\/index.php?rest_route=%2Fwp%2Fv2%2Fproduct_brand&post=911"},{"taxonomy":"product_cat","embeddable":true,"href":"https:\/\/koraledetale.pl\/index.php?rest_route=%2Fwp%2Fv2%2Fproduct_cat&post=911"},{"taxonomy":"product_tag","embeddable":true,"href":"https:\/\/koraledetale.pl\/index.php?rest_route=%2Fwp%2Fv2%2Fproduct_tag&post=911"}],"curies":[{"name":"wp","href":"https:\/\/api.w.org\/{rel}","templated":true}]}}