{"id":905,"date":"2021-07-16T13:11:47","date_gmt":"2021-07-16T13:11:47","guid":{"rendered":"https:\/\/koraledetale.pl\/?post_type=product&#038;p=905"},"modified":"2024-11-11T11:19:42","modified_gmt":"2024-11-11T11:19:42","slug":"regulowany-naszyjnik-z-granatami-i-turkusem","status":"publish","type":"product","link":"https:\/\/koraledetale.pl\/?product=regulowany-naszyjnik-z-granatami-i-turkusem","title":{"rendered":"Regulowany naszyjnik z granatami i turkusem"},"content":{"rendered":"<p>Wielko\u015b\u0107 kamieni:<\/p>\n<ul>\n<li>granat: 3 mm,<\/li>\n<li>turkus: 4 mm i 2,5 mm,<\/li>\n<li>\u0142ezka howlitu: 10&#215;8 mm,<\/li>\n<li>hematyt: 2 mm i 3&#215;1 mm.<\/li>\n<\/ul>\n<p>D\u0142ugo\u015b\u0107 naszyjnika od bardzo kr\u00f3tkiego (regulowana indywidualnie) do 65 cm.<\/p>\n","protected":false},"excerpt":{"rendered":"<p>Delikatny naszyjnik z granatami w kolorze dobrego czerwonego wina, zestawionymi z kontrastuj\u0105cymi turkusami i z\u0142otymi hematytami. Zwie\u0144czeniem jest \u0142ezka turkusowego howlitu. Naszyjnik posiada t\u0119 zalet\u0119, \u017ce \u0142atwo mo\u017cna wyregulowa\u0107 jego d\u0142ugo\u015b\u0107 i dopasowa\u0107 do ka\u017cdego dekoltu. Wystarczy poci\u0105gn\u0105\u0107 sznureczki przez hematyty. Naszyjnikiem b\u0119dziesz cieszy\u0107 si\u0119 przez lata, poniewa\u017c sznureczek jest mocny, jubilerskiej jako\u015bci.<\/p>\n","protected":false},"featured_media":907,"comment_status":"open","ping_status":"closed","template":"","meta":{"advanced_seo_description":"","jetpack_seo_html_title":"","jetpack_seo_noindex":false},"product_brand":[],"product_cat":[229],"product_tag":[377,375,376],"class_list":{"0":"post-905","1":"product","2":"type-product","3":"status-publish","4":"has-post-thumbnail","6":"product_cat-sprzedane","7":"product_tag-delikatny-naszyjnik-z-naturalnych-kamieni","8":"product_tag-regulowany-naszyjnik-z-granatem-i-turkusem","9":"product_tag-sznureczkowy-naszyjnik","11":"first","12":"outofstock","13":"shipping-taxable","14":"product-type-simple"},"jetpack_sharing_enabled":true,"_links":{"self":[{"href":"https:\/\/koraledetale.pl\/index.php?rest_route=\/wp\/v2\/product\/905","targetHints":{"allow":["GET"]}}],"collection":[{"href":"https:\/\/koraledetale.pl\/index.php?rest_route=\/wp\/v2\/product"}],"about":[{"href":"https:\/\/koraledetale.pl\/index.php?rest_route=\/wp\/v2\/types\/product"}],"replies":[{"embeddable":true,"href":"https:\/\/koraledetale.pl\/index.php?rest_route=%2Fwp%2Fv2%2Fcomments&post=905"}],"wp:featuredmedia":[{"embeddable":true,"href":"https:\/\/koraledetale.pl\/index.php?rest_route=\/wp\/v2\/media\/907"}],"wp:attachment":[{"href":"https:\/\/koraledetale.pl\/index.php?rest_route=%2Fwp%2Fv2%2Fmedia&parent=905"}],"wp:term":[{"taxonomy":"product_brand","embeddable":true,"href":"https:\/\/koraledetale.pl\/index.php?rest_route=%2Fwp%2Fv2%2Fproduct_brand&post=905"},{"taxonomy":"product_cat","embeddable":true,"href":"https:\/\/koraledetale.pl\/index.php?rest_route=%2Fwp%2Fv2%2Fproduct_cat&post=905"},{"taxonomy":"product_tag","embeddable":true,"href":"https:\/\/koraledetale.pl\/index.php?rest_route=%2Fwp%2Fv2%2Fproduct_tag&post=905"}],"curies":[{"name":"wp","href":"https:\/\/api.w.org\/{rel}","templated":true}]}}