{"id":885,"date":"2021-07-14T13:36:30","date_gmt":"2021-07-14T13:36:30","guid":{"rendered":"https:\/\/koraledetale.pl\/?post_type=product&#038;p=885"},"modified":"2024-11-11T11:20:32","modified_gmt":"2024-11-11T11:20:32","slug":"bransoletka-z-drobnymi-turkusami-na-sznureczku","status":"publish","type":"product","link":"https:\/\/koraledetale.pl\/?product=bransoletka-z-drobnymi-turkusami-na-sznureczku","title":{"rendered":"Bransoletka z drobnymi turkusami na sznureczku"},"content":{"rendered":"<p>Wielko\u015b\u0107 kamieni:<\/p>\n<ul>\n<li>turkus \u2013 2,5 mm,<\/li>\n<li>hematyt \u2013 2 mm.<\/li>\n<\/ul>\n<p>D\u0142ugo\u015b\u0107 bransoletki: 15 -22 cm.<\/p>\n","protected":false},"excerpt":{"rendered":"<p>Delikatna bransoletka z drobnych turkus\u00f3w zasupe\u0142kowanych ze z\u0142otymi hematytami na mocnej nici jubilerskiej. Obw\u00f3d bransoletki \u0142atwo reguluje si\u0119 poprzez przesuni\u0119cie sznureczk\u00f3w przez w\u0119ze\u0142 makramowy.<\/p>\n","protected":false},"featured_media":875,"comment_status":"open","ping_status":"closed","template":"","meta":{"advanced_seo_description":"","jetpack_seo_html_title":"","jetpack_seo_noindex":false},"product_brand":[],"product_cat":[229],"product_tag":[79,364,363],"class_list":{"0":"post-885","1":"product","2":"type-product","3":"status-publish","4":"has-post-thumbnail","6":"product_cat-sprzedane","7":"product_tag-bransoletka-z-drobnych-kamieni","8":"product_tag-bransoletka-z-turkusami-na-sznureczku","9":"product_tag-supelkowa-bransoletka-z-drobnymi-turkusami-i-zlotymi-hematytami","11":"first","12":"outofstock","13":"shipping-taxable","14":"product-type-simple"},"jetpack_sharing_enabled":true,"_links":{"self":[{"href":"https:\/\/koraledetale.pl\/index.php?rest_route=\/wp\/v2\/product\/885","targetHints":{"allow":["GET"]}}],"collection":[{"href":"https:\/\/koraledetale.pl\/index.php?rest_route=\/wp\/v2\/product"}],"about":[{"href":"https:\/\/koraledetale.pl\/index.php?rest_route=\/wp\/v2\/types\/product"}],"replies":[{"embeddable":true,"href":"https:\/\/koraledetale.pl\/index.php?rest_route=%2Fwp%2Fv2%2Fcomments&post=885"}],"wp:featuredmedia":[{"embeddable":true,"href":"https:\/\/koraledetale.pl\/index.php?rest_route=\/wp\/v2\/media\/875"}],"wp:attachment":[{"href":"https:\/\/koraledetale.pl\/index.php?rest_route=%2Fwp%2Fv2%2Fmedia&parent=885"}],"wp:term":[{"taxonomy":"product_brand","embeddable":true,"href":"https:\/\/koraledetale.pl\/index.php?rest_route=%2Fwp%2Fv2%2Fproduct_brand&post=885"},{"taxonomy":"product_cat","embeddable":true,"href":"https:\/\/koraledetale.pl\/index.php?rest_route=%2Fwp%2Fv2%2Fproduct_cat&post=885"},{"taxonomy":"product_tag","embeddable":true,"href":"https:\/\/koraledetale.pl\/index.php?rest_route=%2Fwp%2Fv2%2Fproduct_tag&post=885"}],"curies":[{"name":"wp","href":"https:\/\/api.w.org\/{rel}","templated":true}]}}