{"id":851,"date":"2021-07-09T15:20:11","date_gmt":"2021-07-09T15:20:11","guid":{"rendered":"https:\/\/koraledetale.pl\/?post_type=product&#038;p=851"},"modified":"2024-11-11T11:12:16","modified_gmt":"2024-11-11T11:12:16","slug":"naszyjnik-turmalin-i-muszla","status":"publish","type":"product","link":"https:\/\/koraledetale.pl\/?product=naszyjnik-turmalin-i-muszla","title":{"rendered":"Naszyjnik TURMALIN I MUSZLA"},"content":{"rendered":"<p>Wielko\u015b\u0107 kamieni:<\/p>\n<ul>\n<li>turmalin &#8211; 3 mm,<\/li>\n<li>hematyt &#8211; 2 mm.<\/li>\n<\/ul>\n<p>D\u0142ugo\u015b\u0107 naszyjnika: 42-46 cm + zawieszka 2 cm.<\/p>\n","protected":false},"excerpt":{"rendered":"<p>Naszyjnik z kolorowych turmalin\u00f3w (z przewag\u0105 r\u00f3\u017cowych), przeplatanych z\u0142otymi hematytami, zwie\u0144czony letni\u0105 zawieszk\u0105 &#8211; muszelk\u0105. Wszystkie elementy metalowe wykonane s\u0105 z nieuczulaj\u0105cej stali chirurgicznej (szlachetnej).<\/p>\n","protected":false},"featured_media":855,"comment_status":"open","ping_status":"closed","template":"","meta":{"advanced_seo_description":"","jetpack_seo_html_title":"","jetpack_seo_noindex":false},"product_brand":[],"product_cat":[229],"product_tag":[66,187,356,355,354],"class_list":{"0":"post-851","1":"product","2":"type-product","3":"status-publish","4":"has-post-thumbnail","6":"product_cat-sprzedane","7":"product_tag-naszyjnik-z-kamieniami-naturalnymi","8":"product_tag-naszyjnik-z-kolorowymi-kamieniami","9":"product_tag-naszyjnik-z-muszelka","10":"product_tag-naszyjnik-z-rozowymi-kamieniami","11":"product_tag-naszyjnik-z-turmalinami-i-hematytami","13":"first","14":"outofstock","15":"shipping-taxable","16":"product-type-simple"},"jetpack_sharing_enabled":true,"_links":{"self":[{"href":"https:\/\/koraledetale.pl\/index.php?rest_route=\/wp\/v2\/product\/851","targetHints":{"allow":["GET"]}}],"collection":[{"href":"https:\/\/koraledetale.pl\/index.php?rest_route=\/wp\/v2\/product"}],"about":[{"href":"https:\/\/koraledetale.pl\/index.php?rest_route=\/wp\/v2\/types\/product"}],"replies":[{"embeddable":true,"href":"https:\/\/koraledetale.pl\/index.php?rest_route=%2Fwp%2Fv2%2Fcomments&post=851"}],"wp:featuredmedia":[{"embeddable":true,"href":"https:\/\/koraledetale.pl\/index.php?rest_route=\/wp\/v2\/media\/855"}],"wp:attachment":[{"href":"https:\/\/koraledetale.pl\/index.php?rest_route=%2Fwp%2Fv2%2Fmedia&parent=851"}],"wp:term":[{"taxonomy":"product_brand","embeddable":true,"href":"https:\/\/koraledetale.pl\/index.php?rest_route=%2Fwp%2Fv2%2Fproduct_brand&post=851"},{"taxonomy":"product_cat","embeddable":true,"href":"https:\/\/koraledetale.pl\/index.php?rest_route=%2Fwp%2Fv2%2Fproduct_cat&post=851"},{"taxonomy":"product_tag","embeddable":true,"href":"https:\/\/koraledetale.pl\/index.php?rest_route=%2Fwp%2Fv2%2Fproduct_tag&post=851"}],"curies":[{"name":"wp","href":"https:\/\/api.w.org\/{rel}","templated":true}]}}