{"id":8465,"date":"2026-05-02T11:22:07","date_gmt":"2026-05-02T11:22:07","guid":{"rendered":"https:\/\/koraledetale.pl\/?post_type=product&#038;p=8465"},"modified":"2026-05-02T11:30:55","modified_gmt":"2026-05-02T11:30:55","slug":"bransoletka-patyczaki-z-perla-wersja-zlota","status":"publish","type":"product","link":"https:\/\/koraledetale.pl\/?product=bransoletka-patyczaki-z-perla-wersja-zlota","title":{"rendered":"Bransoletka PATYCZAKI z per\u0142\u0105 \u2013 wersja z\u0142ota"},"content":{"rendered":"<p>Wielko\u015b\u0107 per\u0142y: 25\u00d74,5\u00d75 mm i 4,5\u00d73 (przy przed\u0142u\u017cce).<\/p>\n<p>D\u0142ugo\u015b\u0107 bransoletki: 16,5 \u2013 19,3 cm.<\/p>\n<p>Wszystkie elementy metalowe wykonane s\u0105 z nieuczulaj\u0105cej stali szlachetnej w kolorze z\u0142otym.<\/p>\n","protected":false},"excerpt":{"rendered":"<p>Bransoletka z pod\u0142u\u017cn\u0105 per\u0142\u0105 i z\u0142otymi hematytami.<\/p>\n","protected":false},"featured_media":8441,"comment_status":"open","ping_status":"closed","template":"","meta":{"advanced_seo_description":"","jetpack_seo_html_title":"","jetpack_seo_noindex":false},"product_brand":[],"product_cat":[17],"product_tag":[80,3042,57,31],"class_list":{"0":"post-8465","1":"product","2":"type-product","3":"status-publish","4":"has-post-thumbnail","6":"product_cat-bransoletki","7":"product_tag-bransoletka-z-kamieniami-naturalnymi","8":"product_tag-bransoletka-ze-zlotymi-hematytami-i-perla","9":"product_tag-perla","10":"product_tag-zloty-hematyt","12":"first","13":"instock","14":"shipping-taxable","15":"purchasable","16":"product-type-simple"},"jetpack_sharing_enabled":true,"_links":{"self":[{"href":"https:\/\/koraledetale.pl\/index.php?rest_route=\/wp\/v2\/product\/8465","targetHints":{"allow":["GET"]}}],"collection":[{"href":"https:\/\/koraledetale.pl\/index.php?rest_route=\/wp\/v2\/product"}],"about":[{"href":"https:\/\/koraledetale.pl\/index.php?rest_route=\/wp\/v2\/types\/product"}],"replies":[{"embeddable":true,"href":"https:\/\/koraledetale.pl\/index.php?rest_route=%2Fwp%2Fv2%2Fcomments&post=8465"}],"wp:featuredmedia":[{"embeddable":true,"href":"https:\/\/koraledetale.pl\/index.php?rest_route=\/wp\/v2\/media\/8441"}],"wp:attachment":[{"href":"https:\/\/koraledetale.pl\/index.php?rest_route=%2Fwp%2Fv2%2Fmedia&parent=8465"}],"wp:term":[{"taxonomy":"product_brand","embeddable":true,"href":"https:\/\/koraledetale.pl\/index.php?rest_route=%2Fwp%2Fv2%2Fproduct_brand&post=8465"},{"taxonomy":"product_cat","embeddable":true,"href":"https:\/\/koraledetale.pl\/index.php?rest_route=%2Fwp%2Fv2%2Fproduct_cat&post=8465"},{"taxonomy":"product_tag","embeddable":true,"href":"https:\/\/koraledetale.pl\/index.php?rest_route=%2Fwp%2Fv2%2Fproduct_tag&post=8465"}],"curies":[{"name":"wp","href":"https:\/\/api.w.org\/{rel}","templated":true}]}}