{"id":8462,"date":"2026-05-02T11:07:17","date_gmt":"2026-05-02T11:07:17","guid":{"rendered":"https:\/\/koraledetale.pl\/?post_type=product&#038;p=8462"},"modified":"2026-05-02T11:29:08","modified_gmt":"2026-05-02T11:29:08","slug":"bransoletka-patyczaki-z-perla-wersja-srebrna","status":"publish","type":"product","link":"https:\/\/koraledetale.pl\/?product=bransoletka-patyczaki-z-perla-wersja-srebrna","title":{"rendered":"Bransoletka PATYCZAKI z per\u0142\u0105 &#8211; wersja srebrna"},"content":{"rendered":"<p>Wielko\u015b\u0107 per\u0142y: 25&#215;4,5&#215;5 mm i 4,5&#215;3 (przy przed\u0142u\u017cce).<\/p>\n<p>D\u0142ugo\u015b\u0107 bransoletki: 16,5 &#8211; 19,3 cm.<\/p>\n<p>Wszystkie elementy metalowe wykonane s\u0105 z nieuczulaj\u0105cej stali szlachetnej w kolorze srebrnym.<\/p>\n","protected":false},"excerpt":{"rendered":"<p>Bransoletka z pod\u0142u\u017cn\u0105 per\u0142\u0105 i srebrnymi hematytami.<\/p>\n","protected":false},"featured_media":8463,"comment_status":"open","ping_status":"closed","template":"","meta":{"advanced_seo_description":"","jetpack_seo_html_title":"","jetpack_seo_noindex":false},"product_brand":[],"product_cat":[17],"product_tag":[3039,3038,57,26],"class_list":{"0":"post-8462","1":"product","2":"type-product","3":"status-publish","4":"has-post-thumbnail","6":"product_cat-bransoletki","7":"product_tag-bransoeltka-z-kamieniami-naturalnymi","8":"product_tag-bransoletka-z-perla-i-srebrnymi-hemtytami","9":"product_tag-perla","10":"product_tag-srebrny-hematyt","12":"first","13":"instock","14":"shipping-taxable","15":"purchasable","16":"product-type-simple"},"jetpack_sharing_enabled":true,"_links":{"self":[{"href":"https:\/\/koraledetale.pl\/index.php?rest_route=\/wp\/v2\/product\/8462","targetHints":{"allow":["GET"]}}],"collection":[{"href":"https:\/\/koraledetale.pl\/index.php?rest_route=\/wp\/v2\/product"}],"about":[{"href":"https:\/\/koraledetale.pl\/index.php?rest_route=\/wp\/v2\/types\/product"}],"replies":[{"embeddable":true,"href":"https:\/\/koraledetale.pl\/index.php?rest_route=%2Fwp%2Fv2%2Fcomments&post=8462"}],"wp:featuredmedia":[{"embeddable":true,"href":"https:\/\/koraledetale.pl\/index.php?rest_route=\/wp\/v2\/media\/8463"}],"wp:attachment":[{"href":"https:\/\/koraledetale.pl\/index.php?rest_route=%2Fwp%2Fv2%2Fmedia&parent=8462"}],"wp:term":[{"taxonomy":"product_brand","embeddable":true,"href":"https:\/\/koraledetale.pl\/index.php?rest_route=%2Fwp%2Fv2%2Fproduct_brand&post=8462"},{"taxonomy":"product_cat","embeddable":true,"href":"https:\/\/koraledetale.pl\/index.php?rest_route=%2Fwp%2Fv2%2Fproduct_cat&post=8462"},{"taxonomy":"product_tag","embeddable":true,"href":"https:\/\/koraledetale.pl\/index.php?rest_route=%2Fwp%2Fv2%2Fproduct_tag&post=8462"}],"curies":[{"name":"wp","href":"https:\/\/api.w.org\/{rel}","templated":true}]}}