{"id":8461,"date":"2026-05-02T10:29:45","date_gmt":"2026-05-02T10:29:45","guid":{"rendered":"https:\/\/koraledetale.pl\/?post_type=product&#038;p=8461"},"modified":"2026-05-02T11:31:28","modified_gmt":"2026-05-02T11:31:28","slug":"kolczyki-patyczaki-z-perlami","status":"publish","type":"product","link":"https:\/\/koraledetale.pl\/?product=kolczyki-patyczaki-z-perlami","title":{"rendered":"Kolczyki PATYCZAKI z per\u0142ami"},"content":{"rendered":"<p>Wielko\u015b\u0107 pere\u0142: ok. 24x4x5 mm.<\/p>\n<p>D\u0142ugo\u015b\u0107 kolczyk\u00f3w &#8211; 3,6 cm.<\/p>\n<p>Wszystkie elementy metalowe wykonane s\u0105 z nieuczulaj\u0105cej stali szlachetnej w kolorze z\u0142otym.<\/p>\n","protected":false},"excerpt":{"rendered":"<p>Kolczyki na sztyftach z okr\u0105g\u0142\u0105, m\u0142otkowan\u0105 blaszk\u0105, od kt\u00f3rej odchodzi pod\u0142u\u017cna per\u0142a.<\/p>\n","protected":false},"featured_media":8451,"comment_status":"open","ping_status":"closed","template":"","meta":{"advanced_seo_description":"","jetpack_seo_html_title":"","jetpack_seo_noindex":false},"product_brand":[],"product_cat":[18],"product_tag":[3036,185,3037],"class_list":{"0":"post-8461","1":"product","2":"type-product","3":"status-publish","4":"has-post-thumbnail","6":"product_cat-kolczyki","7":"product_tag-kolczyki-na-sztyftach-z-podluzna-perla","8":"product_tag-kolczyki-z-perlami","9":"product_tag-perla-perlowe-kolczyki","11":"first","12":"instock","13":"featured","14":"shipping-taxable","15":"purchasable","16":"product-type-simple"},"jetpack_sharing_enabled":true,"_links":{"self":[{"href":"https:\/\/koraledetale.pl\/index.php?rest_route=\/wp\/v2\/product\/8461","targetHints":{"allow":["GET"]}}],"collection":[{"href":"https:\/\/koraledetale.pl\/index.php?rest_route=\/wp\/v2\/product"}],"about":[{"href":"https:\/\/koraledetale.pl\/index.php?rest_route=\/wp\/v2\/types\/product"}],"replies":[{"embeddable":true,"href":"https:\/\/koraledetale.pl\/index.php?rest_route=%2Fwp%2Fv2%2Fcomments&post=8461"}],"wp:featuredmedia":[{"embeddable":true,"href":"https:\/\/koraledetale.pl\/index.php?rest_route=\/wp\/v2\/media\/8451"}],"wp:attachment":[{"href":"https:\/\/koraledetale.pl\/index.php?rest_route=%2Fwp%2Fv2%2Fmedia&parent=8461"}],"wp:term":[{"taxonomy":"product_brand","embeddable":true,"href":"https:\/\/koraledetale.pl\/index.php?rest_route=%2Fwp%2Fv2%2Fproduct_brand&post=8461"},{"taxonomy":"product_cat","embeddable":true,"href":"https:\/\/koraledetale.pl\/index.php?rest_route=%2Fwp%2Fv2%2Fproduct_cat&post=8461"},{"taxonomy":"product_tag","embeddable":true,"href":"https:\/\/koraledetale.pl\/index.php?rest_route=%2Fwp%2Fv2%2Fproduct_tag&post=8461"}],"curies":[{"name":"wp","href":"https:\/\/api.w.org\/{rel}","templated":true}]}}