{"id":8460,"date":"2026-05-02T10:24:23","date_gmt":"2026-05-02T10:24:23","guid":{"rendered":"https:\/\/koraledetale.pl\/?post_type=product&#038;p=8460"},"modified":"2026-05-02T11:31:15","modified_gmt":"2026-05-02T11:31:15","slug":"kolczyki-patyczaki-z-perlami-i-skrzydlami","status":"publish","type":"product","link":"https:\/\/koraledetale.pl\/?product=kolczyki-patyczaki-z-perlami-i-skrzydlami","title":{"rendered":"Kolczyki PATYCZAKI z per\u0142ami i skrzyd\u0142ami"},"content":{"rendered":"<p>Wielko\u015b\u0107 pere\u0142: 24x3x4 mm i 8&#215;6 mm.<\/p>\n<p>D\u0142ugo\u015b\u0107 kolczyk\u00f3w: 5,8 i 6,2 cm.<\/p>\n<p>Wszystkie elementy metalowe wykonane s\u0105 z nieuczulaj\u0105cej stali szlachetnej w kolorze z\u0142otym.<\/p>\n","protected":false},"excerpt":{"rendered":"<p>Asymetryczne kolczyki ze skrzyd\u0142ami anio\u0142a i per\u0142ami (pod\u0142u\u017cn\u0105 i owaln\u0105), zawieszonymi na k\u00f3\u0142eczkach i otwartych biglach.<\/p>\n","protected":false},"featured_media":8436,"comment_status":"open","ping_status":"closed","template":"","meta":{"advanced_seo_description":"","jetpack_seo_html_title":"","jetpack_seo_noindex":false},"product_brand":[],"product_cat":[18],"product_tag":[3035,1823,57,1166],"class_list":{"0":"post-8460","1":"product","2":"type-product","3":"status-publish","4":"has-post-thumbnail","6":"product_cat-kolczyki","7":"product_tag-asymetryczne-kolczyki-ze-skrzydlami-aniola-i-perlami","8":"product_tag-dlugie-kolczyki-z-perlami","9":"product_tag-perla","10":"product_tag-skrzydlo-aniola","12":"first","13":"instock","14":"featured","15":"shipping-taxable","16":"purchasable","17":"product-type-simple"},"jetpack_sharing_enabled":true,"_links":{"self":[{"href":"https:\/\/koraledetale.pl\/index.php?rest_route=\/wp\/v2\/product\/8460","targetHints":{"allow":["GET"]}}],"collection":[{"href":"https:\/\/koraledetale.pl\/index.php?rest_route=\/wp\/v2\/product"}],"about":[{"href":"https:\/\/koraledetale.pl\/index.php?rest_route=\/wp\/v2\/types\/product"}],"replies":[{"embeddable":true,"href":"https:\/\/koraledetale.pl\/index.php?rest_route=%2Fwp%2Fv2%2Fcomments&post=8460"}],"wp:featuredmedia":[{"embeddable":true,"href":"https:\/\/koraledetale.pl\/index.php?rest_route=\/wp\/v2\/media\/8436"}],"wp:attachment":[{"href":"https:\/\/koraledetale.pl\/index.php?rest_route=%2Fwp%2Fv2%2Fmedia&parent=8460"}],"wp:term":[{"taxonomy":"product_brand","embeddable":true,"href":"https:\/\/koraledetale.pl\/index.php?rest_route=%2Fwp%2Fv2%2Fproduct_brand&post=8460"},{"taxonomy":"product_cat","embeddable":true,"href":"https:\/\/koraledetale.pl\/index.php?rest_route=%2Fwp%2Fv2%2Fproduct_cat&post=8460"},{"taxonomy":"product_tag","embeddable":true,"href":"https:\/\/koraledetale.pl\/index.php?rest_route=%2Fwp%2Fv2%2Fproduct_tag&post=8460"}],"curies":[{"name":"wp","href":"https:\/\/api.w.org\/{rel}","templated":true}]}}