{"id":8459,"date":"2026-04-27T17:14:42","date_gmt":"2026-04-27T17:14:42","guid":{"rendered":"https:\/\/koraledetale.pl\/?post_type=product&#038;p=8459"},"modified":"2026-05-02T11:31:38","modified_gmt":"2026-05-02T11:31:38","slug":"kolczyki-amber-plastry-na-kolkach","status":"publish","type":"product","link":"https:\/\/koraledetale.pl\/?product=kolczyki-amber-plastry-na-kolkach","title":{"rendered":"Kolczyki AMBER \u2013 plastry na k\u00f3\u0142kach"},"content":{"rendered":"<p>Wielko\u015b\u0107 bursztyn\u00f3w: ok. 12x15x5 mm (mierzone w najszerszych miejscach).<\/p>\n<p>D\u0142ugo\u015b\u0107 kolczyk\u00f3w \u2013 5 cm.<\/p>\n<p>Wszystkie elementy metalowe wykonane s\u0105 z nieuczulaj\u0105cej stali szlachetnej w kolorze z\u0142otym.<\/p>\n","protected":false},"excerpt":{"rendered":"<p>D\u0142ugie kolczyki na sztyftach, z nieregularnymi plastrami surowego bursztynu ba\u0142tyckiego w kolorze miodu, zawieszonymi na du\u017cych k\u00f3\u0142kach.<\/p>\n","protected":false},"featured_media":8454,"comment_status":"open","ping_status":"closed","template":"","meta":{"advanced_seo_description":"","jetpack_seo_html_title":"","jetpack_seo_noindex":false},"product_brand":[],"product_cat":[2192,18],"product_tag":[1136,2763,3034],"class_list":{"0":"post-8459","1":"product","2":"type-product","3":"status-publish","4":"has-post-thumbnail","6":"product_cat-amber","7":"product_cat-kolczyki","8":"product_tag-bursztyn","9":"product_tag-bursztynowe-kolczyki-na-sztyftach","10":"product_tag-dlugie-kolczyki-na-sztyftach-z-bursztynami","12":"first","13":"instock","14":"featured","15":"shipping-taxable","16":"purchasable","17":"product-type-simple"},"jetpack_sharing_enabled":true,"_links":{"self":[{"href":"https:\/\/koraledetale.pl\/index.php?rest_route=\/wp\/v2\/product\/8459","targetHints":{"allow":["GET"]}}],"collection":[{"href":"https:\/\/koraledetale.pl\/index.php?rest_route=\/wp\/v2\/product"}],"about":[{"href":"https:\/\/koraledetale.pl\/index.php?rest_route=\/wp\/v2\/types\/product"}],"replies":[{"embeddable":true,"href":"https:\/\/koraledetale.pl\/index.php?rest_route=%2Fwp%2Fv2%2Fcomments&post=8459"}],"wp:featuredmedia":[{"embeddable":true,"href":"https:\/\/koraledetale.pl\/index.php?rest_route=\/wp\/v2\/media\/8454"}],"wp:attachment":[{"href":"https:\/\/koraledetale.pl\/index.php?rest_route=%2Fwp%2Fv2%2Fmedia&parent=8459"}],"wp:term":[{"taxonomy":"product_brand","embeddable":true,"href":"https:\/\/koraledetale.pl\/index.php?rest_route=%2Fwp%2Fv2%2Fproduct_brand&post=8459"},{"taxonomy":"product_cat","embeddable":true,"href":"https:\/\/koraledetale.pl\/index.php?rest_route=%2Fwp%2Fv2%2Fproduct_cat&post=8459"},{"taxonomy":"product_tag","embeddable":true,"href":"https:\/\/koraledetale.pl\/index.php?rest_route=%2Fwp%2Fv2%2Fproduct_tag&post=8459"}],"curies":[{"name":"wp","href":"https:\/\/api.w.org\/{rel}","templated":true}]}}