{"id":8457,"date":"2026-04-27T16:27:52","date_gmt":"2026-04-27T16:27:52","guid":{"rendered":"https:\/\/koraledetale.pl\/?post_type=product&#038;p=8457"},"modified":"2026-04-27T16:27:52","modified_gmt":"2026-04-27T16:27:52","slug":"naszyjnik-jasnoczucie-ze-szmaragdami-i-frenitem","status":"publish","type":"product","link":"https:\/\/koraledetale.pl\/?product=naszyjnik-jasnoczucie-ze-szmaragdami-i-frenitem","title":{"rendered":"Naszyjnik JASNOCZUCIE ze szmaragdami i frenitem"},"content":{"rendered":"<p>Wielko\u015b\u0107 kamieni:<\/p>\n<ul>\n<li>szmaragd \u2013 4,5 mm i 5,5 mm,<\/li>\n<li>frenit \u2013 10\u00d76 mm,<\/li>\n<li>hematyt \u2013 4\u00d71 mm i 2 mm.<\/li>\n<\/ul>\n<p>D\u0142ugo\u015b\u0107 bnaszyjnika &#8211; 46 cm + zawieszka 2 cm.<\/p>\n<p>Kamienie zasupe\u0142kowane s\u0105 na zielonej, mocnej nici jubilerskiej.<\/p>\n<p>Wszystkie elementy metalowe wykonane s\u0105 z nieuczulaj\u0105cej stali szlachetnej w kolorze z\u0142otym i srebrnym.<\/p>\n","protected":false},"excerpt":{"rendered":"<p>Naszyjnik ze szmaragdami, przeplatanymi z\u0142otymi hematytami i wa\u0142eczkami frenitu, z ozdobnym zapi\u0119ciem z przodu, od kt\u00f3rego odchodzi zawieszka &#8211; dwustronna moneta.<\/p>\n","protected":false},"featured_media":8456,"comment_status":"open","ping_status":"closed","template":"","meta":{"advanced_seo_description":"","jetpack_seo_html_title":"","jetpack_seo_noindex":false},"product_brand":[],"product_cat":[15],"product_tag":[125,3032,3033,2152,143,31],"class_list":{"0":"post-8457","1":"product","2":"type-product","3":"status-publish","4":"has-post-thumbnail","6":"product_cat-naszyjniki","7":"product_tag-frenit","8":"product_tag-naszyjnik-z-frenitami-i-szmaragdami","9":"product_tag-naszyjnik-z-moneta","10":"product_tag-naszyjnik-z-zielonymi-kamieniami-naturalnymi","11":"product_tag-szmaragd","12":"product_tag-zloty-hematyt","14":"first","15":"instock","16":"shipping-taxable","17":"purchasable","18":"product-type-simple"},"jetpack_sharing_enabled":true,"_links":{"self":[{"href":"https:\/\/koraledetale.pl\/index.php?rest_route=\/wp\/v2\/product\/8457","targetHints":{"allow":["GET"]}}],"collection":[{"href":"https:\/\/koraledetale.pl\/index.php?rest_route=\/wp\/v2\/product"}],"about":[{"href":"https:\/\/koraledetale.pl\/index.php?rest_route=\/wp\/v2\/types\/product"}],"replies":[{"embeddable":true,"href":"https:\/\/koraledetale.pl\/index.php?rest_route=%2Fwp%2Fv2%2Fcomments&post=8457"}],"wp:featuredmedia":[{"embeddable":true,"href":"https:\/\/koraledetale.pl\/index.php?rest_route=\/wp\/v2\/media\/8456"}],"wp:attachment":[{"href":"https:\/\/koraledetale.pl\/index.php?rest_route=%2Fwp%2Fv2%2Fmedia&parent=8457"}],"wp:term":[{"taxonomy":"product_brand","embeddable":true,"href":"https:\/\/koraledetale.pl\/index.php?rest_route=%2Fwp%2Fv2%2Fproduct_brand&post=8457"},{"taxonomy":"product_cat","embeddable":true,"href":"https:\/\/koraledetale.pl\/index.php?rest_route=%2Fwp%2Fv2%2Fproduct_cat&post=8457"},{"taxonomy":"product_tag","embeddable":true,"href":"https:\/\/koraledetale.pl\/index.php?rest_route=%2Fwp%2Fv2%2Fproduct_tag&post=8457"}],"curies":[{"name":"wp","href":"https:\/\/api.w.org\/{rel}","templated":true}]}}