{"id":8434,"date":"2026-04-27T16:19:54","date_gmt":"2026-04-27T16:19:54","guid":{"rendered":"https:\/\/koraledetale.pl\/?post_type=product&#038;p=8434"},"modified":"2026-04-27T16:28:25","modified_gmt":"2026-04-27T16:28:25","slug":"bransoletka-jasnoczucie-ze-szmaragdami-i-frenitem","status":"publish","type":"product","link":"https:\/\/koraledetale.pl\/?product=bransoletka-jasnoczucie-ze-szmaragdami-i-frenitem","title":{"rendered":"Bransoletka JASNOCZUCIE ze szmaragdami i frenitem"},"content":{"rendered":"<p>Wielko\u015b\u0107 kamieni:<\/p>\n<ul>\n<li>szmaragd &#8211; 4,5 mm i 5,5 mm,<\/li>\n<li>frenit &#8211; 10&#215;6 mm,<\/li>\n<li>hematyt &#8211; 4&#215;1 mm i 2 mm.<\/li>\n<\/ul>\n<p>D\u0142ugo\u015b\u0107 bransoletki: 17,7 &#8211; 20,7 cm.<\/p>\n<p>Kamienie zasupe\u0142kowane s\u0105 na zielonej, mocnej nici jubilerskiej.<\/p>\n<p>Wszystkie elementy metalowe wykonane s\u0105 z nieuczulaj\u0105cej stali szlachetnej w kolorze z\u0142otym.<\/p>\n","protected":false},"excerpt":{"rendered":"<p>Bransoletka ze szmaragdami, przeplatanymi z\u0142otymi hematytami, z wa\u0142eczkiem frenitu po\u015brodku.<\/p>\n","protected":false},"featured_media":8442,"comment_status":"open","ping_status":"closed","template":"","meta":{"advanced_seo_description":"","jetpack_seo_html_title":"","jetpack_seo_noindex":false},"product_brand":[],"product_cat":[17],"product_tag":[3030,3031,125,143,31],"class_list":{"0":"post-8434","1":"product","2":"type-product","3":"status-publish","4":"has-post-thumbnail","6":"product_cat-bransoletki","7":"product_tag-bransoletka-z-zielonymi-kamieniami-natyralnymi","8":"product_tag-bransoletka-ze-szmaragdami-i-frenitem","9":"product_tag-frenit","10":"product_tag-szmaragd","11":"product_tag-zloty-hematyt","13":"first","14":"instock","15":"shipping-taxable","16":"purchasable","17":"product-type-simple"},"jetpack_sharing_enabled":true,"_links":{"self":[{"href":"https:\/\/koraledetale.pl\/index.php?rest_route=\/wp\/v2\/product\/8434","targetHints":{"allow":["GET"]}}],"collection":[{"href":"https:\/\/koraledetale.pl\/index.php?rest_route=\/wp\/v2\/product"}],"about":[{"href":"https:\/\/koraledetale.pl\/index.php?rest_route=\/wp\/v2\/types\/product"}],"replies":[{"embeddable":true,"href":"https:\/\/koraledetale.pl\/index.php?rest_route=%2Fwp%2Fv2%2Fcomments&post=8434"}],"wp:featuredmedia":[{"embeddable":true,"href":"https:\/\/koraledetale.pl\/index.php?rest_route=\/wp\/v2\/media\/8442"}],"wp:attachment":[{"href":"https:\/\/koraledetale.pl\/index.php?rest_route=%2Fwp%2Fv2%2Fmedia&parent=8434"}],"wp:term":[{"taxonomy":"product_brand","embeddable":true,"href":"https:\/\/koraledetale.pl\/index.php?rest_route=%2Fwp%2Fv2%2Fproduct_brand&post=8434"},{"taxonomy":"product_cat","embeddable":true,"href":"https:\/\/koraledetale.pl\/index.php?rest_route=%2Fwp%2Fv2%2Fproduct_cat&post=8434"},{"taxonomy":"product_tag","embeddable":true,"href":"https:\/\/koraledetale.pl\/index.php?rest_route=%2Fwp%2Fv2%2Fproduct_tag&post=8434"}],"curies":[{"name":"wp","href":"https:\/\/api.w.org\/{rel}","templated":true}]}}