{"id":8411,"date":"2026-04-07T11:54:50","date_gmt":"2026-04-07T11:54:50","guid":{"rendered":"https:\/\/koraledetale.pl\/?post_type=product&#038;p=8411"},"modified":"2026-04-07T11:54:50","modified_gmt":"2026-04-07T11:54:50","slug":"naszyjnik-lunula-i-labradoryt-wersja-srebrna","status":"publish","type":"product","link":"https:\/\/koraledetale.pl\/?product=naszyjnik-lunula-i-labradoryt-wersja-srebrna","title":{"rendered":"Naszyjnik LUNULA I LABRADORYT &#8211; wersja srebrna"},"content":{"rendered":"<p>Wielko\u015b\u0107 kamieni:<\/p>\n<ul>\n<li>labradoryt \u2013 ok. 4\u00d72,5,5 mm i 8,5&#215;5,5 mm (kropla),<\/li>\n<li>hematyt \u2013 3\u00d71 mm i 2 mm.<\/li>\n<\/ul>\n<p>D\u0142ugo\u015b\u0107 naszyjnika: kr\u00f3tsza cz\u0119\u015b\u0107 z \u0142a\u0144cuszkiem \u2013 40 cm, d\u0142u\u017csza z labradorytami \u2013 44 cm + zawieszka \u2013 2,3 cm.<\/p>\n<p>Kamienie zasupe\u0142kowane s\u0105 na zielonej, mocnej nici jubilerskiej.<\/p>\n<p>Wszystkie elementy metalowe wykonane s\u0105 z nieuczulaj\u0105cej stali szlachetnej w kolorze srebrnym.<\/p>\n","protected":false},"excerpt":{"rendered":"<p>Warstwowy naszyjnik z \u0142a\u0144cuszka z kuleczkami i sznura ciosanych labradoryt\u00f3w, przeplatanych srebrnymi hematytami. Zwie\u0144czeniem naszyjnika jest zawieszka \u2013 a\u017curowa lunula z kropelk\u0105 labradorytu.<\/p>\n","protected":false},"featured_media":8413,"comment_status":"open","ping_status":"closed","template":"","meta":{"advanced_seo_description":"","jetpack_seo_html_title":"","jetpack_seo_noindex":false},"product_brand":[],"product_cat":[15],"product_tag":[56,757,2865,26,2294,2866],"class_list":{"0":"post-8411","1":"product","2":"type-product","3":"status-publish","4":"has-post-thumbnail","6":"product_cat-naszyjniki","7":"product_tag-labradoryt","8":"product_tag-lunula","9":"product_tag-podwojny-naszyjnik-z-labradorytami-i-lunula","10":"product_tag-srebrny-hematyt","11":"product_tag-warstwowy-naszyjnik-z-kamieniami-naturalnymi","12":"product_tag-warstwowy-naszyjnik-z-labradorytami-i-lunula","14":"first","15":"instock","16":"shipping-taxable","17":"purchasable","18":"product-type-simple"},"jetpack_sharing_enabled":true,"_links":{"self":[{"href":"https:\/\/koraledetale.pl\/index.php?rest_route=\/wp\/v2\/product\/8411","targetHints":{"allow":["GET"]}}],"collection":[{"href":"https:\/\/koraledetale.pl\/index.php?rest_route=\/wp\/v2\/product"}],"about":[{"href":"https:\/\/koraledetale.pl\/index.php?rest_route=\/wp\/v2\/types\/product"}],"replies":[{"embeddable":true,"href":"https:\/\/koraledetale.pl\/index.php?rest_route=%2Fwp%2Fv2%2Fcomments&post=8411"}],"wp:featuredmedia":[{"embeddable":true,"href":"https:\/\/koraledetale.pl\/index.php?rest_route=\/wp\/v2\/media\/8413"}],"wp:attachment":[{"href":"https:\/\/koraledetale.pl\/index.php?rest_route=%2Fwp%2Fv2%2Fmedia&parent=8411"}],"wp:term":[{"taxonomy":"product_brand","embeddable":true,"href":"https:\/\/koraledetale.pl\/index.php?rest_route=%2Fwp%2Fv2%2Fproduct_brand&post=8411"},{"taxonomy":"product_cat","embeddable":true,"href":"https:\/\/koraledetale.pl\/index.php?rest_route=%2Fwp%2Fv2%2Fproduct_cat&post=8411"},{"taxonomy":"product_tag","embeddable":true,"href":"https:\/\/koraledetale.pl\/index.php?rest_route=%2Fwp%2Fv2%2Fproduct_tag&post=8411"}],"curies":[{"name":"wp","href":"https:\/\/api.w.org\/{rel}","templated":true}]}}