{"id":8407,"date":"2026-04-04T12:08:35","date_gmt":"2026-04-04T12:08:35","guid":{"rendered":"https:\/\/koraledetale.pl\/?post_type=product&#038;p=8407"},"modified":"2026-04-21T13:51:05","modified_gmt":"2026-04-21T13:51:05","slug":"naszyjnik-powitanie-wiosny-z-larimarami-i-rodochrozytami","status":"publish","type":"product","link":"https:\/\/koraledetale.pl\/?product=naszyjnik-powitanie-wiosny-z-larimarami-i-rodochrozytami","title":{"rendered":"Naszyjnik POWITANIE WIOSNY z larimarami i rodochrozytami"},"content":{"rendered":"<p>Wielko\u015b\u0107 kamieni:<\/p>\n<ul>\n<li>larimar \u2013 5&#215;3,5 mm i 19x9x6 mm (\u0142ezka),<\/li>\n<li>rodochrozyt \u2013 4&#215;3 mm i 3&#215;2,5 mm,<\/li>\n<li>hematyt \u2013 3&#215;1 mm, 2\u00d71 mm i 2 mm.<\/li>\n<\/ul>\n<p>Regulowana d\u0142ugo\u015b\u0107 naszyjnika do 64cm, poprzez przeci\u0105gniecie sznureczk\u00f3w przez koralik-stoper (ze stali szlachetnej).<\/p>\n<p>Kamienie zasupe\u0142kowane s\u0105 na br\u0105zowym, jedwabnym sznureczku.<\/p>\n<p>&nbsp;<\/p>\n","protected":false},"excerpt":{"rendered":"<p>Jedwabny naszyjnik o regulowanej d\u0142ugo\u015bci, z larimarami i rodochrozytami, przeplatanymi z\u0142otymi hematytami, zwie\u0144czony du\u017c\u0105 \u0142ezk\u0105 larimaru. Mo\u017cesz go nosi\u0107 jako kr\u00f3tki lub \u015bredniej d\u0142ugo\u015bci, w zale\u017cno\u015bci od potrzeb.<\/p>\n","protected":false},"featured_media":8409,"comment_status":"open","ping_status":"closed","template":"","meta":{"advanced_seo_description":"","jetpack_seo_html_title":"","jetpack_seo_noindex":false},"product_brand":[],"product_cat":[229],"product_tag":[488,3027,3028,3026,545,31],"class_list":{"0":"post-8407","1":"product","2":"type-product","3":"status-publish","4":"has-post-thumbnail","6":"product_cat-sprzedane","7":"product_tag-larimar","8":"product_tag-naszyjnik-na-jedwabnym-sznureczku","9":"product_tag-naszyjnik-z-blekitnymi-i-rozowymi-kamieniami-anturalnymi","10":"product_tag-regulowany-naszyjnik-z-larimarami-i-rodochrozytami","11":"product_tag-rodochrozyt","12":"product_tag-zloty-hematyt","14":"first","15":"outofstock","16":"shipping-taxable","17":"purchasable","18":"product-type-simple"},"jetpack_sharing_enabled":true,"_links":{"self":[{"href":"https:\/\/koraledetale.pl\/index.php?rest_route=\/wp\/v2\/product\/8407","targetHints":{"allow":["GET"]}}],"collection":[{"href":"https:\/\/koraledetale.pl\/index.php?rest_route=\/wp\/v2\/product"}],"about":[{"href":"https:\/\/koraledetale.pl\/index.php?rest_route=\/wp\/v2\/types\/product"}],"replies":[{"embeddable":true,"href":"https:\/\/koraledetale.pl\/index.php?rest_route=%2Fwp%2Fv2%2Fcomments&post=8407"}],"wp:featuredmedia":[{"embeddable":true,"href":"https:\/\/koraledetale.pl\/index.php?rest_route=\/wp\/v2\/media\/8409"}],"wp:attachment":[{"href":"https:\/\/koraledetale.pl\/index.php?rest_route=%2Fwp%2Fv2%2Fmedia&parent=8407"}],"wp:term":[{"taxonomy":"product_brand","embeddable":true,"href":"https:\/\/koraledetale.pl\/index.php?rest_route=%2Fwp%2Fv2%2Fproduct_brand&post=8407"},{"taxonomy":"product_cat","embeddable":true,"href":"https:\/\/koraledetale.pl\/index.php?rest_route=%2Fwp%2Fv2%2Fproduct_cat&post=8407"},{"taxonomy":"product_tag","embeddable":true,"href":"https:\/\/koraledetale.pl\/index.php?rest_route=%2Fwp%2Fv2%2Fproduct_tag&post=8407"}],"curies":[{"name":"wp","href":"https:\/\/api.w.org\/{rel}","templated":true}]}}