{"id":8396,"date":"2026-03-30T14:42:15","date_gmt":"2026-03-30T14:42:15","guid":{"rendered":"https:\/\/koraledetale.pl\/?post_type=product&#038;p=8396"},"modified":"2026-03-30T14:42:16","modified_gmt":"2026-03-30T14:42:16","slug":"zawieszka-z-lepidolitem","status":"publish","type":"product","link":"https:\/\/koraledetale.pl\/?product=zawieszka-z-lepidolitem","title":{"rendered":"Zawieszka z lepidolitem"},"content":{"rendered":"<p>Wielko\u015b\u0107 kamieni:<\/p>\n<ul>\n<li>lepidolit \u2013 14\u00d78 mm,<\/li>\n<li>hematyt \u2013 4\u00d71 mm.<\/li>\n<\/ul>\n<p>D\u0142ugo\u015b\u0107 zawieszki \u2013 3,2 cm.<\/p>\n<p>Wszystkie elementy metalowe wykonane s\u0105 z nieuczulaj\u0105cej stali szlachetnej w kolorze z\u0142otym.<\/p>\n","protected":false},"excerpt":{"rendered":"<p>Zawieszka z zapi\u0119ciem, z nieregularnym wa\u0142eczkiem lepidolitu pomi\u0119dzy z\u0142otymi hematytami.<\/p>\n","protected":false},"featured_media":8392,"comment_status":"open","ping_status":"closed","template":"","meta":{"advanced_seo_description":"","jetpack_seo_html_title":"","jetpack_seo_noindex":false},"product_brand":[],"product_cat":[1060],"product_tag":[1215,3022,1789,3021,1066],"class_list":{"0":"post-8396","1":"product","2":"type-product","3":"status-publish","4":"has-post-thumbnail","6":"product_cat-zawieszki","7":"product_tag-lepidolit","8":"product_tag-zawieszka-z-fioletowym-kamieniem-naturalnym","9":"product_tag-zawieszka-z-karabinczykiem","10":"product_tag-zawieszka-z-lepidolitem","11":"product_tag-zawieszka-z-zapieciem","13":"first","14":"instock","15":"shipping-taxable","16":"purchasable","17":"product-type-simple"},"jetpack_sharing_enabled":true,"_links":{"self":[{"href":"https:\/\/koraledetale.pl\/index.php?rest_route=\/wp\/v2\/product\/8396","targetHints":{"allow":["GET"]}}],"collection":[{"href":"https:\/\/koraledetale.pl\/index.php?rest_route=\/wp\/v2\/product"}],"about":[{"href":"https:\/\/koraledetale.pl\/index.php?rest_route=\/wp\/v2\/types\/product"}],"replies":[{"embeddable":true,"href":"https:\/\/koraledetale.pl\/index.php?rest_route=%2Fwp%2Fv2%2Fcomments&post=8396"}],"wp:featuredmedia":[{"embeddable":true,"href":"https:\/\/koraledetale.pl\/index.php?rest_route=\/wp\/v2\/media\/8392"}],"wp:attachment":[{"href":"https:\/\/koraledetale.pl\/index.php?rest_route=%2Fwp%2Fv2%2Fmedia&parent=8396"}],"wp:term":[{"taxonomy":"product_brand","embeddable":true,"href":"https:\/\/koraledetale.pl\/index.php?rest_route=%2Fwp%2Fv2%2Fproduct_brand&post=8396"},{"taxonomy":"product_cat","embeddable":true,"href":"https:\/\/koraledetale.pl\/index.php?rest_route=%2Fwp%2Fv2%2Fproduct_cat&post=8396"},{"taxonomy":"product_tag","embeddable":true,"href":"https:\/\/koraledetale.pl\/index.php?rest_route=%2Fwp%2Fv2%2Fproduct_tag&post=8396"}],"curies":[{"name":"wp","href":"https:\/\/api.w.org\/{rel}","templated":true}]}}