{"id":8390,"date":"2026-03-30T14:33:34","date_gmt":"2026-03-30T14:33:34","guid":{"rendered":"https:\/\/koraledetale.pl\/?post_type=product&#038;p=8390"},"modified":"2026-04-10T16:04:06","modified_gmt":"2026-04-10T16:04:06","slug":"naszyjnik-saute-z-perlami","status":"publish","type":"product","link":"https:\/\/koraledetale.pl\/?product=naszyjnik-saute-z-perlami","title":{"rendered":"Naszyjnik SAUTE z per\u0142ami"},"content":{"rendered":"<p>Wielko\u015b\u0107 pere\u0142: 8-10&#215;6 mm.<\/p>\n<p>D\u0142ugo\u015b\u0107 naszyjnika &#8211; 46 cm.<\/p>\n<p>wszystkie elementy metalowe wykonane s\u0105 z nieuczulaj\u0105cej stali szlachetnej.<\/p>\n","protected":false},"excerpt":{"rendered":"<p>Klasyczny naszyjnik z per\u0142ami, z du\u017cym zapi\u0119ciem, do kt\u00f3rego mo\u017cesz przyczepi\u0107 ulubion\u0105 zawieszk\u0119 lub nosi\u0107 saute (zapi\u0119ciem do przodu lub ukrytym z ty\u0142u).<\/p>\n","protected":false},"featured_media":8394,"comment_status":"open","ping_status":"closed","template":"","meta":{"advanced_seo_description":"","jetpack_seo_html_title":"","jetpack_seo_noindex":false},"product_brand":[],"product_cat":[15],"product_tag":[3020,110,57],"class_list":{"0":"post-8390","1":"product","2":"type-product","3":"status-publish","4":"has-post-thumbnail","6":"product_cat-naszyjniki","7":"product_tag-klasyczny-naszyjnik-z-perlami","8":"product_tag-naszyjnik-z-perel","9":"product_tag-perla","11":"first","12":"instock","13":"shipping-taxable","14":"purchasable","15":"product-type-simple"},"jetpack_sharing_enabled":true,"_links":{"self":[{"href":"https:\/\/koraledetale.pl\/index.php?rest_route=\/wp\/v2\/product\/8390","targetHints":{"allow":["GET"]}}],"collection":[{"href":"https:\/\/koraledetale.pl\/index.php?rest_route=\/wp\/v2\/product"}],"about":[{"href":"https:\/\/koraledetale.pl\/index.php?rest_route=\/wp\/v2\/types\/product"}],"replies":[{"embeddable":true,"href":"https:\/\/koraledetale.pl\/index.php?rest_route=%2Fwp%2Fv2%2Fcomments&post=8390"}],"wp:featuredmedia":[{"embeddable":true,"href":"https:\/\/koraledetale.pl\/index.php?rest_route=\/wp\/v2\/media\/8394"}],"wp:attachment":[{"href":"https:\/\/koraledetale.pl\/index.php?rest_route=%2Fwp%2Fv2%2Fmedia&parent=8390"}],"wp:term":[{"taxonomy":"product_brand","embeddable":true,"href":"https:\/\/koraledetale.pl\/index.php?rest_route=%2Fwp%2Fv2%2Fproduct_brand&post=8390"},{"taxonomy":"product_cat","embeddable":true,"href":"https:\/\/koraledetale.pl\/index.php?rest_route=%2Fwp%2Fv2%2Fproduct_cat&post=8390"},{"taxonomy":"product_tag","embeddable":true,"href":"https:\/\/koraledetale.pl\/index.php?rest_route=%2Fwp%2Fv2%2Fproduct_tag&post=8390"}],"curies":[{"name":"wp","href":"https:\/\/api.w.org\/{rel}","templated":true}]}}