{"id":8385,"date":"2026-03-20T08:46:45","date_gmt":"2026-03-20T08:46:45","guid":{"rendered":"https:\/\/koraledetale.pl\/?post_type=product&#038;p=8385"},"modified":"2026-03-20T08:46:45","modified_gmt":"2026-03-20T08:46:45","slug":"naszyjnik-wiosenny-z-chryzoprazami","status":"publish","type":"product","link":"https:\/\/koraledetale.pl\/?product=naszyjnik-wiosenny-z-chryzoprazami","title":{"rendered":"Naszyjnik WIOSENNY z chryzoprazami"},"content":{"rendered":"<p>Wielko\u015b\u0107 kamieni:<\/p>\n<ul>\n<li>chryzopraz \u2013 3,5 mm i 11x12x5 mm,<\/li>\n<li>hematyt \u2013 2 mm.<\/li>\n<\/ul>\n<p>D\u0142ugo\u015b\u0107 naszyjnika : 42\u2013 47 cm.<\/p>\n<p>Kamienie zasupe\u0142kowane s\u0105 na zielonej, wytrzyma\u0142ej nici jubilerskiej.<\/p>\n<p>Wszystkie elementy metalowe wykonane s\u0105 z nieuczulaj\u0105cej stali szlachetnej w kolorze srebrnym.<\/p>\n","protected":false},"excerpt":{"rendered":"<p>Naszyjnik z chryzoprazami w kolorach wczesnej wiosny, z wplecionymi srebrnymi hematytami oraz \u0142ezk\u0105 chryzoprazu po\u015brodku.<\/p>\n","protected":false},"featured_media":8384,"comment_status":"open","ping_status":"closed","template":"","meta":{"advanced_seo_description":"","jetpack_seo_html_title":"","jetpack_seo_noindex":false},"product_brand":[],"product_cat":[15],"product_tag":[119,2907,3019,26],"class_list":{"0":"post-8385","1":"product","2":"type-product","3":"status-publish","4":"has-post-thumbnail","6":"product_cat-naszyjniki","7":"product_tag-chryzopraz","8":"product_tag-naszyjnik-z-chryzoprazami","9":"product_tag-naszyjnik-z-seledynowymi-kamieniami-naturalnymi","10":"product_tag-srebrny-hematyt","12":"first","13":"instock","14":"shipping-taxable","15":"purchasable","16":"product-type-simple"},"jetpack_sharing_enabled":true,"_links":{"self":[{"href":"https:\/\/koraledetale.pl\/index.php?rest_route=\/wp\/v2\/product\/8385","targetHints":{"allow":["GET"]}}],"collection":[{"href":"https:\/\/koraledetale.pl\/index.php?rest_route=\/wp\/v2\/product"}],"about":[{"href":"https:\/\/koraledetale.pl\/index.php?rest_route=\/wp\/v2\/types\/product"}],"replies":[{"embeddable":true,"href":"https:\/\/koraledetale.pl\/index.php?rest_route=%2Fwp%2Fv2%2Fcomments&post=8385"}],"wp:featuredmedia":[{"embeddable":true,"href":"https:\/\/koraledetale.pl\/index.php?rest_route=\/wp\/v2\/media\/8384"}],"wp:attachment":[{"href":"https:\/\/koraledetale.pl\/index.php?rest_route=%2Fwp%2Fv2%2Fmedia&parent=8385"}],"wp:term":[{"taxonomy":"product_brand","embeddable":true,"href":"https:\/\/koraledetale.pl\/index.php?rest_route=%2Fwp%2Fv2%2Fproduct_brand&post=8385"},{"taxonomy":"product_cat","embeddable":true,"href":"https:\/\/koraledetale.pl\/index.php?rest_route=%2Fwp%2Fv2%2Fproduct_cat&post=8385"},{"taxonomy":"product_tag","embeddable":true,"href":"https:\/\/koraledetale.pl\/index.php?rest_route=%2Fwp%2Fv2%2Fproduct_tag&post=8385"}],"curies":[{"name":"wp","href":"https:\/\/api.w.org\/{rel}","templated":true}]}}