{"id":8377,"date":"2026-03-19T09:20:51","date_gmt":"2026-03-19T09:20:51","guid":{"rendered":"https:\/\/koraledetale.pl\/?post_type=product&#038;p=8377"},"modified":"2026-03-19T09:20:51","modified_gmt":"2026-03-19T09:20:51","slug":"naszyjnik-angel-z-lapis-lazuli","status":"publish","type":"product","link":"https:\/\/koraledetale.pl\/?product=naszyjnik-angel-z-lapis-lazuli","title":{"rendered":"Naszyjnik ANGEL z lapis lazuli"},"content":{"rendered":"<p>Wielko\u015b\u0107 lapis lazuli \u2013 19x10x3,5 mm.<\/p>\n<p>D\u0142ugo\u015b\u0107 naszyjnika \u2013 41,5cm + zawieszka 2,8 cm.<\/p>\n<p>Wszystkie elementy metalowe wykonane s\u0105 z nieuczulaj\u0105cej stali szlachetnej w kolorze z\u0142otym.<\/p>\n","protected":false},"excerpt":{"rendered":"<p>Naszyjnik z grubego \u0142a\u0144cuszka o dw\u00f3ch r\u00f3\u017cnych splotach, z zawieszkami &#8211; rze\u017abionym lapis lazuli w kszta\u0142cie skrzyd\u0142a oraz prostok\u0105tn\u0105, g\u0142adk\u0105 blaszk\u0105.<\/p>\n","protected":false},"featured_media":8375,"comment_status":"open","ping_status":"closed","template":"","meta":{"advanced_seo_description":"","jetpack_seo_html_title":"","jetpack_seo_noindex":false},"product_brand":[],"product_cat":[15],"product_tag":[1409,1418,536,3017,856],"class_list":{"0":"post-8377","1":"product","2":"type-product","3":"status-publish","4":"has-post-thumbnail","6":"product_cat-naszyjniki","7":"product_tag-lapis-lazuli","8":"product_tag-naszyjnik-z-lapis-lazuli","9":"product_tag-naszyjnik-ze-skrzydlem-aniola","10":"product_tag-lancuszek-z-granatowym-kamieniem-naturalnym","11":"product_tag-lancuszek-z-zawieszkami","13":"first","14":"instock","15":"shipping-taxable","16":"purchasable","17":"product-type-simple"},"jetpack_sharing_enabled":true,"_links":{"self":[{"href":"https:\/\/koraledetale.pl\/index.php?rest_route=\/wp\/v2\/product\/8377","targetHints":{"allow":["GET"]}}],"collection":[{"href":"https:\/\/koraledetale.pl\/index.php?rest_route=\/wp\/v2\/product"}],"about":[{"href":"https:\/\/koraledetale.pl\/index.php?rest_route=\/wp\/v2\/types\/product"}],"replies":[{"embeddable":true,"href":"https:\/\/koraledetale.pl\/index.php?rest_route=%2Fwp%2Fv2%2Fcomments&post=8377"}],"wp:featuredmedia":[{"embeddable":true,"href":"https:\/\/koraledetale.pl\/index.php?rest_route=\/wp\/v2\/media\/8375"}],"wp:attachment":[{"href":"https:\/\/koraledetale.pl\/index.php?rest_route=%2Fwp%2Fv2%2Fmedia&parent=8377"}],"wp:term":[{"taxonomy":"product_brand","embeddable":true,"href":"https:\/\/koraledetale.pl\/index.php?rest_route=%2Fwp%2Fv2%2Fproduct_brand&post=8377"},{"taxonomy":"product_cat","embeddable":true,"href":"https:\/\/koraledetale.pl\/index.php?rest_route=%2Fwp%2Fv2%2Fproduct_cat&post=8377"},{"taxonomy":"product_tag","embeddable":true,"href":"https:\/\/koraledetale.pl\/index.php?rest_route=%2Fwp%2Fv2%2Fproduct_tag&post=8377"}],"curies":[{"name":"wp","href":"https:\/\/api.w.org\/{rel}","templated":true}]}}