{"id":8369,"date":"2026-03-17T12:59:01","date_gmt":"2026-03-17T12:59:01","guid":{"rendered":"https:\/\/koraledetale.pl\/?post_type=product&#038;p=8369"},"modified":"2026-03-30T14:43:51","modified_gmt":"2026-03-30T14:43:51","slug":"bransoletka-marzycielka-z-cytrynami-granatami-i-oliwinami","status":"publish","type":"product","link":"https:\/\/koraledetale.pl\/?product=bransoletka-marzycielka-z-cytrynami-granatami-i-oliwinami","title":{"rendered":"Bransoletka MARZYCIELKA z cytrynami, granatami i oliwinami"},"content":{"rendered":"<p>Wielko\u015b\u0107 kamieni:<\/p>\n<ul>\n<li>cytryn \u2013 4\u00d72,5 mm, 3 mm, ok. 6\u00d74 mm i 8\u00d76 mm,<\/li>\n<li>granat \u2013 3,5 mm,<\/li>\n<li>oliwin \u2013 3,5\u00d72,5 mm<\/li>\n<li>hematyt \u20133 mm, 3\u00d71 mm, 2\u00d71 mm i 2 mm.<\/li>\n<\/ul>\n<p>D\u0142ugo\u015b\u0107 bransoletki: 15,6 &#8211; 19,3 cm.<\/p>\n<p>Wszystkie elementy metalowe wykonane s\u0105 z nieuczulaj\u0105cej stali szlachetnej w kolorze z\u0142otym.<\/p>\n","protected":false},"excerpt":{"rendered":"<p>Bransoletka z cytrynami, zielonymi granatami i oliwinami, przeplatanymi z\u0142otymi hematytami.<\/p>\n","protected":false},"featured_media":8362,"comment_status":"open","ping_status":"closed","template":"","meta":{"advanced_seo_description":"","jetpack_seo_html_title":"","jetpack_seo_noindex":false},"product_brand":[],"product_cat":[17],"product_tag":[3013,3014,193,30,86,31],"class_list":{"0":"post-8369","1":"product","2":"type-product","3":"status-publish","4":"has-post-thumbnail","6":"product_cat-bransoletki","7":"product_tag-bransoletka-z-cytrynami-oliwinami-i-zielonymi-granatami","8":"product_tag-bransoletka-z-zielonymi-i-zoltymi-kamieniami-naturalnymi","9":"product_tag-cytryn","10":"product_tag-oliwin","11":"product_tag-zielony-granat","12":"product_tag-zloty-hematyt","14":"first","15":"instock","16":"shipping-taxable","17":"purchasable","18":"product-type-simple"},"jetpack_sharing_enabled":true,"_links":{"self":[{"href":"https:\/\/koraledetale.pl\/index.php?rest_route=\/wp\/v2\/product\/8369","targetHints":{"allow":["GET"]}}],"collection":[{"href":"https:\/\/koraledetale.pl\/index.php?rest_route=\/wp\/v2\/product"}],"about":[{"href":"https:\/\/koraledetale.pl\/index.php?rest_route=\/wp\/v2\/types\/product"}],"replies":[{"embeddable":true,"href":"https:\/\/koraledetale.pl\/index.php?rest_route=%2Fwp%2Fv2%2Fcomments&post=8369"}],"wp:featuredmedia":[{"embeddable":true,"href":"https:\/\/koraledetale.pl\/index.php?rest_route=\/wp\/v2\/media\/8362"}],"wp:attachment":[{"href":"https:\/\/koraledetale.pl\/index.php?rest_route=%2Fwp%2Fv2%2Fmedia&parent=8369"}],"wp:term":[{"taxonomy":"product_brand","embeddable":true,"href":"https:\/\/koraledetale.pl\/index.php?rest_route=%2Fwp%2Fv2%2Fproduct_brand&post=8369"},{"taxonomy":"product_cat","embeddable":true,"href":"https:\/\/koraledetale.pl\/index.php?rest_route=%2Fwp%2Fv2%2Fproduct_cat&post=8369"},{"taxonomy":"product_tag","embeddable":true,"href":"https:\/\/koraledetale.pl\/index.php?rest_route=%2Fwp%2Fv2%2Fproduct_tag&post=8369"}],"curies":[{"name":"wp","href":"https:\/\/api.w.org\/{rel}","templated":true}]}}