{"id":8355,"date":"2026-03-16T11:42:12","date_gmt":"2026-03-16T11:42:12","guid":{"rendered":"https:\/\/koraledetale.pl\/?post_type=product&#038;p=8355"},"modified":"2026-03-19T09:07:43","modified_gmt":"2026-03-19T09:07:43","slug":"bransoletka-boginka-marcowa-z-rodonitami-i-lapis-lazuli","status":"publish","type":"product","link":"https:\/\/koraledetale.pl\/?product=bransoletka-boginka-marcowa-z-rodonitami-i-lapis-lazuli","title":{"rendered":"Bransoletka BOGINKA MARCOWA z rodonitami i lapis lazuli"},"content":{"rendered":"<p>Wielko\u015b\u0107 kamieni:<\/p>\n<ul>\n<li>rodonit &#8211; 4&#215;2,5 mm,<\/li>\n<li>lapis lazuli &#8211; 3 mm,<\/li>\n<li>hematyt &#8211; 2 mm.<\/li>\n<\/ul>\n<p>D\u0142ugo\u015b\u0107 bransoletki: 17,2 &#8211; 20 cm.<\/p>\n<p>Kamienie zasupe\u0142kowane s\u0105 na kobaltowej, mocnej nici jubilerskiej.<\/p>\n<p>Wszystkie elementy metalowe wykonane s\u0105 z nieuczulaj\u0105cej stali szlachetnej.<\/p>\n","protected":false},"excerpt":{"rendered":"<p>Bransoletka z rodonitami, przeplatanymi lapis lazuli i z\u0142otymi hematytami, z zawieszk\u0105 z rodonitu i kobaltowym chwo\u015bcikiem przy przed\u0142u\u017cce.<\/p>\n","protected":false},"featured_media":8358,"comment_status":"open","ping_status":"closed","template":"","meta":{"advanced_seo_description":"","jetpack_seo_html_title":"","jetpack_seo_noindex":false},"product_brand":[],"product_cat":[229],"product_tag":[3007,3006,1409,823,31],"class_list":{"0":"post-8355","1":"product","2":"type-product","3":"status-publish","4":"has-post-thumbnail","6":"product_cat-sprzedane","7":"product_tag-bransoletka-z-rodonitami-i-lapis-lazuli","8":"product_tag-bransoletka-z-rozowymi-i-niebieskimi-kamieniami-naturalnymi","9":"product_tag-lapis-lazuli","10":"product_tag-rodonit","11":"product_tag-zloty-hematyt","13":"first","14":"outofstock","15":"shipping-taxable","16":"purchasable","17":"product-type-simple"},"jetpack_sharing_enabled":true,"_links":{"self":[{"href":"https:\/\/koraledetale.pl\/index.php?rest_route=\/wp\/v2\/product\/8355","targetHints":{"allow":["GET"]}}],"collection":[{"href":"https:\/\/koraledetale.pl\/index.php?rest_route=\/wp\/v2\/product"}],"about":[{"href":"https:\/\/koraledetale.pl\/index.php?rest_route=\/wp\/v2\/types\/product"}],"replies":[{"embeddable":true,"href":"https:\/\/koraledetale.pl\/index.php?rest_route=%2Fwp%2Fv2%2Fcomments&post=8355"}],"wp:featuredmedia":[{"embeddable":true,"href":"https:\/\/koraledetale.pl\/index.php?rest_route=\/wp\/v2\/media\/8358"}],"wp:attachment":[{"href":"https:\/\/koraledetale.pl\/index.php?rest_route=%2Fwp%2Fv2%2Fmedia&parent=8355"}],"wp:term":[{"taxonomy":"product_brand","embeddable":true,"href":"https:\/\/koraledetale.pl\/index.php?rest_route=%2Fwp%2Fv2%2Fproduct_brand&post=8355"},{"taxonomy":"product_cat","embeddable":true,"href":"https:\/\/koraledetale.pl\/index.php?rest_route=%2Fwp%2Fv2%2Fproduct_cat&post=8355"},{"taxonomy":"product_tag","embeddable":true,"href":"https:\/\/koraledetale.pl\/index.php?rest_route=%2Fwp%2Fv2%2Fproduct_tag&post=8355"}],"curies":[{"name":"wp","href":"https:\/\/api.w.org\/{rel}","templated":true}]}}