{"id":8350,"date":"2026-03-12T12:01:46","date_gmt":"2026-03-12T12:01:46","guid":{"rendered":"https:\/\/koraledetale.pl\/?post_type=product&#038;p=8350"},"modified":"2026-03-20T12:43:01","modified_gmt":"2026-03-20T12:43:01","slug":"naszyjnik-zrodlo-mocy-ze-spinelami-i-labradorytem","status":"publish","type":"product","link":"https:\/\/koraledetale.pl\/?product=naszyjnik-zrodlo-mocy-ze-spinelami-i-labradorytem","title":{"rendered":"Naszyjnik \u0179R\u00d3D\u0141O MOCY ze spinelami i labradorytem"},"content":{"rendered":"<p>Wielko\u015b\u0107 kamieni:<\/p>\n<ul>\n<li>spinel &#8211; 3 mm,<\/li>\n<li>labradoryt &#8211; 15&#215;10,5&#215;6,5 mm,<\/li>\n<li>hematyt &#8211; 2 mm.<\/li>\n<\/ul>\n<p>D\u0142ugo\u015b\u0107 naszyjnika &#8211; 86 cm +\u00a0 3,5 cm zawieszka (z k\u00f3\u0142kiem).<\/p>\n<p>Kamienie zasupe\u0142kowane s\u0105 na ciemnozielonej, mocnej nici jubilerskiej.<\/p>\n<p>Wszystkie elementy metalowe wykonane s\u0105 z nieuczulaj\u0105cej stali szlachetnej.<\/p>\n<p>&nbsp;<\/p>\n","protected":false},"excerpt":{"rendered":"<p>D\u0142ugi naszyjnik z czarnymi spinelami, przeplatanymi z\u0142otymi hematytami, zasupe\u0142kowanymi na ciemnozielonej nici jubilerskiej. Zwie\u0144czeniem naszyjnika jest ozdobne, du\u017ce zapi\u0119cie z zawieszk\u0105 &#8211; prostok\u0105tnym labradorytem o zielonej zorzy.<\/p>\n","protected":false},"featured_media":8353,"comment_status":"open","ping_status":"closed","template":"","meta":{"advanced_seo_description":"","jetpack_seo_html_title":"","jetpack_seo_noindex":false},"product_brand":[],"product_cat":[15],"product_tag":[1751,2480,3005,56,31],"class_list":{"0":"post-8350","1":"product","2":"type-product","3":"status-publish","4":"has-post-thumbnail","6":"product_cat-naszyjniki","7":"product_tag-czarny-spinel","8":"product_tag-dlugi-naszyjnik-z-czarnymi-kamieniami-naturalnymi","9":"product_tag-dlugi-naszyjnik-ze-spinelami-i-labradorytem","10":"product_tag-labradoryt","11":"product_tag-zloty-hematyt","13":"first","14":"instock","15":"shipping-taxable","16":"purchasable","17":"product-type-simple"},"jetpack_sharing_enabled":true,"_links":{"self":[{"href":"https:\/\/koraledetale.pl\/index.php?rest_route=\/wp\/v2\/product\/8350","targetHints":{"allow":["GET"]}}],"collection":[{"href":"https:\/\/koraledetale.pl\/index.php?rest_route=\/wp\/v2\/product"}],"about":[{"href":"https:\/\/koraledetale.pl\/index.php?rest_route=\/wp\/v2\/types\/product"}],"replies":[{"embeddable":true,"href":"https:\/\/koraledetale.pl\/index.php?rest_route=%2Fwp%2Fv2%2Fcomments&post=8350"}],"wp:featuredmedia":[{"embeddable":true,"href":"https:\/\/koraledetale.pl\/index.php?rest_route=\/wp\/v2\/media\/8353"}],"wp:attachment":[{"href":"https:\/\/koraledetale.pl\/index.php?rest_route=%2Fwp%2Fv2%2Fmedia&parent=8350"}],"wp:term":[{"taxonomy":"product_brand","embeddable":true,"href":"https:\/\/koraledetale.pl\/index.php?rest_route=%2Fwp%2Fv2%2Fproduct_brand&post=8350"},{"taxonomy":"product_cat","embeddable":true,"href":"https:\/\/koraledetale.pl\/index.php?rest_route=%2Fwp%2Fv2%2Fproduct_cat&post=8350"},{"taxonomy":"product_tag","embeddable":true,"href":"https:\/\/koraledetale.pl\/index.php?rest_route=%2Fwp%2Fv2%2Fproduct_tag&post=8350"}],"curies":[{"name":"wp","href":"https:\/\/api.w.org\/{rel}","templated":true}]}}