{"id":8326,"date":"2026-03-03T12:54:49","date_gmt":"2026-03-03T12:54:49","guid":{"rendered":"https:\/\/koraledetale.pl\/?post_type=product&#038;p=8326"},"modified":"2026-03-03T13:47:48","modified_gmt":"2026-03-03T13:47:48","slug":"naszyjnik-universum-z-hematytami-i-krysztalem-gorskim","status":"publish","type":"product","link":"https:\/\/koraledetale.pl\/?product=naszyjnik-universum-z-hematytami-i-krysztalem-gorskim","title":{"rendered":"Naszyjnik UNIVERSUM z hematytami i kryszta\u0142em g\u00f3rskim"},"content":{"rendered":"<p>Wielko\u015b\u0107 kamieni:<\/p>\n<ul>\n<li>hematyt &#8211; 4&#215;2 mm, 3&#215;1 mm i 2 mm,<\/li>\n<li>kryszta\u0142 g\u00f3rski &#8211; 14&#215;10 mm.<\/li>\n<\/ul>\n<p>D\u0142ugo\u015b\u0107 naszyjnika &#8211; 111 cm + zawieszka 3,8 cm.<\/p>\n<p>Wszystkie elementy metalowe wykonane s\u0105 z nieuczulaj\u0105cej stali szlachetnej.<\/p>\n","protected":false},"excerpt":{"rendered":"<p>D\u0142ugi naszyjnik z grafitowymi, fasetowanymi hematytami, przeplatanymi z\u0142otymi kr\u0105\u017ckami hematytu, uzupe\u0142niony \u0142a\u0144cuchem o du\u017cych oczkach. Zwie\u0144czeniem naszyjnika jest zawieszka z kryszta\u0142em g\u00f3rskim.<\/p>\n","protected":false},"featured_media":8329,"comment_status":"open","ping_status":"closed","template":"","meta":{"advanced_seo_description":"","jetpack_seo_html_title":"","jetpack_seo_noindex":false},"product_brand":[],"product_cat":[15],"product_tag":[3002,67,702,2294],"class_list":{"0":"post-8326","1":"product","2":"type-product","3":"status-publish","4":"has-post-thumbnail","6":"product_cat-naszyjniki","7":"product_tag-dlugi-naszyjnik-z-hematytami-i-krysztalem-gorskim","8":"product_tag-hematyt","9":"product_tag-krysztal-gorski","10":"product_tag-warstwowy-naszyjnik-z-kamieniami-naturalnymi","12":"first","13":"instock","14":"shipping-taxable","15":"purchasable","16":"product-type-simple"},"jetpack_sharing_enabled":true,"_links":{"self":[{"href":"https:\/\/koraledetale.pl\/index.php?rest_route=\/wp\/v2\/product\/8326","targetHints":{"allow":["GET"]}}],"collection":[{"href":"https:\/\/koraledetale.pl\/index.php?rest_route=\/wp\/v2\/product"}],"about":[{"href":"https:\/\/koraledetale.pl\/index.php?rest_route=\/wp\/v2\/types\/product"}],"replies":[{"embeddable":true,"href":"https:\/\/koraledetale.pl\/index.php?rest_route=%2Fwp%2Fv2%2Fcomments&post=8326"}],"wp:featuredmedia":[{"embeddable":true,"href":"https:\/\/koraledetale.pl\/index.php?rest_route=\/wp\/v2\/media\/8329"}],"wp:attachment":[{"href":"https:\/\/koraledetale.pl\/index.php?rest_route=%2Fwp%2Fv2%2Fmedia&parent=8326"}],"wp:term":[{"taxonomy":"product_brand","embeddable":true,"href":"https:\/\/koraledetale.pl\/index.php?rest_route=%2Fwp%2Fv2%2Fproduct_brand&post=8326"},{"taxonomy":"product_cat","embeddable":true,"href":"https:\/\/koraledetale.pl\/index.php?rest_route=%2Fwp%2Fv2%2Fproduct_cat&post=8326"},{"taxonomy":"product_tag","embeddable":true,"href":"https:\/\/koraledetale.pl\/index.php?rest_route=%2Fwp%2Fv2%2Fproduct_tag&post=8326"}],"curies":[{"name":"wp","href":"https:\/\/api.w.org\/{rel}","templated":true}]}}