{"id":831,"date":"2021-06-30T13:38:36","date_gmt":"2021-06-30T13:38:36","guid":{"rendered":"https:\/\/koraledetale.pl\/?post_type=product&#038;p=831"},"modified":"2024-11-11T11:12:44","modified_gmt":"2024-11-11T11:12:44","slug":"bransoletka-chryzokola-na-czerwonej-nitce","status":"publish","type":"product","link":"https:\/\/koraledetale.pl\/?product=bransoletka-chryzokola-na-czerwonej-nitce","title":{"rendered":"Bransoletka CHRYZOKOLA NA CZERWONEJ NITCE"},"content":{"rendered":"<p>Wielko\u015b\u0107 kamieni:<\/p>\n<ul>\n<li>chryzokola \u2013 3 mm,<\/li>\n<li>hematyt \u2013 2 mm.<\/li>\n<\/ul>\n<p>D\u0142ugo\u015b\u0107 bransoletki: 15,5-17,5 cm.<\/p>\n","protected":false},"excerpt":{"rendered":"<p>Podw\u00f3jna bransoletka ze szlifowanej chryzokoli i kuleczek z\u0142otych hematyt\u00f3w zasupe\u0142kowanych na czerwonej nitce oraz dodatkowym \u0142a\u0144cuszkiem z czerwon\u0105 nitk\u0105 na szcz\u0119\u015bcie. Wszystkie elementy metalowe wykonane s\u0105 ze stali chirurgicznej (szlachetnej).<\/p>\n","protected":false},"featured_media":830,"comment_status":"open","ping_status":"closed","template":"","meta":{"advanced_seo_description":"","jetpack_seo_html_title":"","jetpack_seo_noindex":false},"product_brand":[],"product_cat":[229],"product_tag":[349,340,350],"class_list":{"0":"post-831","1":"product","2":"type-product","3":"status-publish","4":"has-post-thumbnail","6":"product_cat-sprzedane","7":"product_tag-bransoletka-z-chryzokola-na-czerwonej-nitce","8":"product_tag-bransoletka-z-niebieskich-kamieni","9":"product_tag-podwojna-bransoletka-z-lancuszkiem","11":"first","12":"outofstock","13":"shipping-taxable","14":"product-type-simple"},"jetpack_sharing_enabled":true,"_links":{"self":[{"href":"https:\/\/koraledetale.pl\/index.php?rest_route=\/wp\/v2\/product\/831","targetHints":{"allow":["GET"]}}],"collection":[{"href":"https:\/\/koraledetale.pl\/index.php?rest_route=\/wp\/v2\/product"}],"about":[{"href":"https:\/\/koraledetale.pl\/index.php?rest_route=\/wp\/v2\/types\/product"}],"replies":[{"embeddable":true,"href":"https:\/\/koraledetale.pl\/index.php?rest_route=%2Fwp%2Fv2%2Fcomments&post=831"}],"wp:featuredmedia":[{"embeddable":true,"href":"https:\/\/koraledetale.pl\/index.php?rest_route=\/wp\/v2\/media\/830"}],"wp:attachment":[{"href":"https:\/\/koraledetale.pl\/index.php?rest_route=%2Fwp%2Fv2%2Fmedia&parent=831"}],"wp:term":[{"taxonomy":"product_brand","embeddable":true,"href":"https:\/\/koraledetale.pl\/index.php?rest_route=%2Fwp%2Fv2%2Fproduct_brand&post=831"},{"taxonomy":"product_cat","embeddable":true,"href":"https:\/\/koraledetale.pl\/index.php?rest_route=%2Fwp%2Fv2%2Fproduct_cat&post=831"},{"taxonomy":"product_tag","embeddable":true,"href":"https:\/\/koraledetale.pl\/index.php?rest_route=%2Fwp%2Fv2%2Fproduct_tag&post=831"}],"curies":[{"name":"wp","href":"https:\/\/api.w.org\/{rel}","templated":true}]}}