{"id":8291,"date":"2026-02-11T09:56:20","date_gmt":"2026-02-11T09:56:20","guid":{"rendered":"https:\/\/koraledetale.pl\/?post_type=product&#038;p=8291"},"modified":"2026-03-10T13:44:59","modified_gmt":"2026-03-10T13:44:59","slug":"bransoletka-skrzaca-z-labradorytami-wersja-srebrna","status":"publish","type":"product","link":"https:\/\/koraledetale.pl\/?product=bransoletka-skrzaca-z-labradorytami-wersja-srebrna","title":{"rendered":"Bransoletka SKRZ\u0104CA z labradorytami \u2013 wersja srebrna"},"content":{"rendered":"<p>Wielko\u015b\u0107 kamieni:<\/p>\n<ul>\n<li>labradoryt \u2013 ok. 4\u00d73 mm,\u00a0 4 mm (kulka) i 7,5\u00d77,5\u00d73,5 mm (\u0142ezka),<\/li>\n<li>hematyt \u2013 4\u00d72 mm i 2 mm.<\/li>\n<\/ul>\n<p>Bransoletk\u0119 zapniesz na dowolnym oczku \u0142a\u0144cucha. Maksymalna d\u0142ugo\u015b\u0107 bransoletki \u2013 21 cm.<\/p>\n<p>Wszystkie elementy metalowe wykonane s\u0105 z nieuczulaj\u0105cej stali szlachetnej w kolorze srebrnym.<\/p>\n","protected":false},"excerpt":{"rendered":"<p>Bransoletka z ciosanych labradoryt\u00f3w, przeplatanych kulkami labradorytu i srebrnymi hematytami, z zawieszk\u0105 \u2013 okr\u0105g\u0142\u0105 blaszk\u0105 i \u0142ezk\u0105 labradorytu przy przed\u0142u\u017cce, oraz \u0142a\u0144cuchem o okr\u0105g\u0142ych oczkach.<\/p>\n","protected":false},"featured_media":8284,"comment_status":"open","ping_status":"closed","template":"","meta":{"advanced_seo_description":"","jetpack_seo_html_title":"","jetpack_seo_noindex":false},"product_brand":[],"product_cat":[17],"product_tag":[132,1769,2993,56,26],"class_list":{"0":"post-8291","1":"product","2":"type-product","3":"status-publish","4":"has-post-thumbnail","6":"product_cat-bransoletki","7":"product_tag-bransoletka-z-labradorytami","8":"product_tag-bransoletka-z-szarymi-kamieniami-naturalnymi","9":"product_tag-bransoletka-z-lancuszkiem-i-labradorytami","10":"product_tag-labradoryt","11":"product_tag-srebrny-hematyt","13":"first","14":"instock","15":"shipping-taxable","16":"purchasable","17":"product-type-simple"},"jetpack_sharing_enabled":true,"_links":{"self":[{"href":"https:\/\/koraledetale.pl\/index.php?rest_route=\/wp\/v2\/product\/8291","targetHints":{"allow":["GET"]}}],"collection":[{"href":"https:\/\/koraledetale.pl\/index.php?rest_route=\/wp\/v2\/product"}],"about":[{"href":"https:\/\/koraledetale.pl\/index.php?rest_route=\/wp\/v2\/types\/product"}],"replies":[{"embeddable":true,"href":"https:\/\/koraledetale.pl\/index.php?rest_route=%2Fwp%2Fv2%2Fcomments&post=8291"}],"wp:featuredmedia":[{"embeddable":true,"href":"https:\/\/koraledetale.pl\/index.php?rest_route=\/wp\/v2\/media\/8284"}],"wp:attachment":[{"href":"https:\/\/koraledetale.pl\/index.php?rest_route=%2Fwp%2Fv2%2Fmedia&parent=8291"}],"wp:term":[{"taxonomy":"product_brand","embeddable":true,"href":"https:\/\/koraledetale.pl\/index.php?rest_route=%2Fwp%2Fv2%2Fproduct_brand&post=8291"},{"taxonomy":"product_cat","embeddable":true,"href":"https:\/\/koraledetale.pl\/index.php?rest_route=%2Fwp%2Fv2%2Fproduct_cat&post=8291"},{"taxonomy":"product_tag","embeddable":true,"href":"https:\/\/koraledetale.pl\/index.php?rest_route=%2Fwp%2Fv2%2Fproduct_tag&post=8291"}],"curies":[{"name":"wp","href":"https:\/\/api.w.org\/{rel}","templated":true}]}}