{"id":8282,"date":"2026-02-11T09:49:47","date_gmt":"2026-02-11T09:49:47","guid":{"rendered":"https:\/\/koraledetale.pl\/?post_type=product&#038;p=8282"},"modified":"2026-02-12T06:04:24","modified_gmt":"2026-02-12T06:04:24","slug":"naszyjnik-skrzacy-z-labradorytami-wersja-srebrna","status":"publish","type":"product","link":"https:\/\/koraledetale.pl\/?product=naszyjnik-skrzacy-z-labradorytami-wersja-srebrna","title":{"rendered":"Naszyjnik SKRZ\u0104CY z labradorytami &#8211; wersja srebrna"},"content":{"rendered":"<p>Wielko\u015b\u0107 kamieni:<\/p>\n<ul>\n<li>labradoryt \u2013 ok. 4\u00d73 mm,\u00a0 4 mm (kulka) 15x7x4 mm (p\u00f3\u0142ksi\u0119\u017cyc) i 7,5&#215;7,5&#215;4 mm (\u0142ezka),<\/li>\n<li>hematyt \u2013 4\u00d72 mm i 2 mm.<\/li>\n<\/ul>\n<p>Naszyjnik zapniesz na dowolnym oczku \u0142a\u0144cucha, tworz\u0105c r\u00f3\u017cne kombinacje. Maksymalna d\u0142ugo\u015b\u0107 naszyjnika &#8211; 51 cm.<\/p>\n<p>Wszystkie elementy metalowe wykonane s\u0105 z nieuczulaj\u0105cej stali szlachetnej w kolorze srebrnym.<\/p>\n","protected":false},"excerpt":{"rendered":"<p>Naszyjnik z ciosanych labradoryt\u00f3w, przeplatanych kulkami labradorytu i srebrnymi hematytami, z zawieszkami \u2013 okr\u0105g\u0142ymi blaszkami, labradorytem w kszta\u0142cie p\u00f3\u0142ksi\u0119\u017cyca i \u0142ezk\u0105 labradorytu przy przed\u0142u\u017cce, oraz \u0142a\u0144cuchem o okr\u0105g\u0142ych oczkach.<\/p>\n","protected":false},"featured_media":8290,"comment_status":"open","ping_status":"closed","template":"","meta":{"advanced_seo_description":"","jetpack_seo_html_title":"","jetpack_seo_noindex":false},"product_brand":[],"product_cat":[229],"product_tag":[56,1185,1186,972,26,197],"class_list":{"0":"post-8282","1":"product","2":"type-product","3":"status-publish","4":"has-post-thumbnail","6":"product_cat-sprzedane","7":"product_tag-labradoryt","8":"product_tag-naszyjnik-z-labradorytami","9":"product_tag-naszyjnik-z-szarymi-kamieniami","10":"product_tag-naszyjnik-z-zawieszkami","11":"product_tag-srebrny-hematyt","12":"product_tag-lancuszek-z-kamieniami-naturalnymi","14":"first","15":"outofstock","16":"shipping-taxable","17":"purchasable","18":"product-type-simple"},"jetpack_sharing_enabled":true,"_links":{"self":[{"href":"https:\/\/koraledetale.pl\/index.php?rest_route=\/wp\/v2\/product\/8282","targetHints":{"allow":["GET"]}}],"collection":[{"href":"https:\/\/koraledetale.pl\/index.php?rest_route=\/wp\/v2\/product"}],"about":[{"href":"https:\/\/koraledetale.pl\/index.php?rest_route=\/wp\/v2\/types\/product"}],"replies":[{"embeddable":true,"href":"https:\/\/koraledetale.pl\/index.php?rest_route=%2Fwp%2Fv2%2Fcomments&post=8282"}],"wp:featuredmedia":[{"embeddable":true,"href":"https:\/\/koraledetale.pl\/index.php?rest_route=\/wp\/v2\/media\/8290"}],"wp:attachment":[{"href":"https:\/\/koraledetale.pl\/index.php?rest_route=%2Fwp%2Fv2%2Fmedia&parent=8282"}],"wp:term":[{"taxonomy":"product_brand","embeddable":true,"href":"https:\/\/koraledetale.pl\/index.php?rest_route=%2Fwp%2Fv2%2Fproduct_brand&post=8282"},{"taxonomy":"product_cat","embeddable":true,"href":"https:\/\/koraledetale.pl\/index.php?rest_route=%2Fwp%2Fv2%2Fproduct_cat&post=8282"},{"taxonomy":"product_tag","embeddable":true,"href":"https:\/\/koraledetale.pl\/index.php?rest_route=%2Fwp%2Fv2%2Fproduct_tag&post=8282"}],"curies":[{"name":"wp","href":"https:\/\/api.w.org\/{rel}","templated":true}]}}