{"id":8276,"date":"2026-02-04T15:45:28","date_gmt":"2026-02-04T15:45:28","guid":{"rendered":"https:\/\/koraledetale.pl\/?post_type=product&#038;p=8276"},"modified":"2026-02-04T15:45:28","modified_gmt":"2026-02-04T15:45:28","slug":"naszyjnik-selena-z-labradorytami-i-selenitami","status":"publish","type":"product","link":"https:\/\/koraledetale.pl\/?product=naszyjnik-selena-z-labradorytami-i-selenitami","title":{"rendered":"Naszyjnik SELENA z labradorytami i selenitami"},"content":{"rendered":"<p>Wielko\u015b\u0107 kamieni:<\/p>\n<ul>\n<li>labradoryt \u2013 3,5 mm i 8,5&#215;5,5 mm,<\/li>\n<li>selenit \u2013 5,5&#215;5 mm i 3mm,<\/li>\n<li>hematyt \u2013 4&#215;2 mm, 2&#215;1 mm i 2 mm.<\/li>\n<\/ul>\n<p>D\u0142ugo\u015b\u0107 naszyjnika:\u00a0 39,5 \u2013 44,5 cm.<\/p>\n<p>Wszystkie elementy metalowe wykonane s\u0105 z nieuczulaj\u0105cej stali szlachetnej w kolorze z\u0142otym.<\/p>\n","protected":false},"excerpt":{"rendered":"<p>Kr\u00f3tki naszyjnik z labradorytami, przeplatanymi selenitami i z\u0142otymi hematytami, z pojedynczym wi\u0119kszym labradorytem i dwoma kosteczkami selenitu w centrum.<\/p>\n","protected":false},"featured_media":8277,"comment_status":"open","ping_status":"closed","template":"","meta":{"advanced_seo_description":"","jetpack_seo_html_title":"","jetpack_seo_noindex":false},"product_brand":[],"product_cat":[15],"product_tag":[2991,56,2990,2992,31],"class_list":{"0":"post-8276","1":"product","2":"type-product","3":"status-publish","4":"has-post-thumbnail","6":"product_cat-naszyjniki","7":"product_tag-krotki-naszyjnik-z-szarymi-kamieniami-naturalnymi","8":"product_tag-labradoryt","9":"product_tag-naszyjnik-z-labradorytami-i-selenitami","10":"product_tag-selenit","11":"product_tag-zloty-hematyt","13":"first","14":"instock","15":"shipping-taxable","16":"purchasable","17":"product-type-simple"},"jetpack_sharing_enabled":true,"_links":{"self":[{"href":"https:\/\/koraledetale.pl\/index.php?rest_route=\/wp\/v2\/product\/8276","targetHints":{"allow":["GET"]}}],"collection":[{"href":"https:\/\/koraledetale.pl\/index.php?rest_route=\/wp\/v2\/product"}],"about":[{"href":"https:\/\/koraledetale.pl\/index.php?rest_route=\/wp\/v2\/types\/product"}],"replies":[{"embeddable":true,"href":"https:\/\/koraledetale.pl\/index.php?rest_route=%2Fwp%2Fv2%2Fcomments&post=8276"}],"wp:featuredmedia":[{"embeddable":true,"href":"https:\/\/koraledetale.pl\/index.php?rest_route=\/wp\/v2\/media\/8277"}],"wp:attachment":[{"href":"https:\/\/koraledetale.pl\/index.php?rest_route=%2Fwp%2Fv2%2Fmedia&parent=8276"}],"wp:term":[{"taxonomy":"product_brand","embeddable":true,"href":"https:\/\/koraledetale.pl\/index.php?rest_route=%2Fwp%2Fv2%2Fproduct_brand&post=8276"},{"taxonomy":"product_cat","embeddable":true,"href":"https:\/\/koraledetale.pl\/index.php?rest_route=%2Fwp%2Fv2%2Fproduct_cat&post=8276"},{"taxonomy":"product_tag","embeddable":true,"href":"https:\/\/koraledetale.pl\/index.php?rest_route=%2Fwp%2Fv2%2Fproduct_tag&post=8276"}],"curies":[{"name":"wp","href":"https:\/\/api.w.org\/{rel}","templated":true}]}}