{"id":8269,"date":"2026-01-31T16:38:15","date_gmt":"2026-01-31T16:38:15","guid":{"rendered":"https:\/\/koraledetale.pl\/?post_type=product&#038;p=8269"},"modified":"2026-02-03T12:27:47","modified_gmt":"2026-02-03T12:27:47","slug":"naszyjnik-tropik-z-bursztynami-i-jaspisami","status":"publish","type":"product","link":"https:\/\/koraledetale.pl\/?product=naszyjnik-tropik-z-bursztynami-i-jaspisami","title":{"rendered":"Naszyjnik TROPIK z bursztynami i jaspisami"},"content":{"rendered":"<p>Wielko\u015b\u0107 kamieni:<\/p>\n<ul>\n<li>jaspis \u2013 4 mm,<\/li>\n<li>bursztyn &#8211; 4mm,<\/li>\n<li>hematyt \u2013 3 mm i 2 mm.<\/li>\n<\/ul>\n<p>D\u0142ugo\u015b\u0107 naszyjnika:\u00a0 39,5 &#8211; 44,5 cm.<\/p>\n<p>Kamienie zasupe\u0142kowane s\u0105 na jasnobr\u0105zowej, mocnej nici jubilerskiej.<\/p>\n<p>Wszystkie elementy metalowe wykonane s\u0105 z nieuczulaj\u0105cej stali szlachetnej.<\/p>\n","protected":false},"excerpt":{"rendered":"<p>Kr\u00f3tki naszyjnik z bursztynami i jaspisami, przeplatanymi z\u0142otymi hematytami. W dowolnym miejscu naszyjnika mo\u017cesz dopi\u0105\u0107 zawieszk\u0119 z bursztynem &#8211; ciemniejszym lub ja\u015bniejszym.<\/p>\n","protected":false},"featured_media":8274,"comment_status":"open","ping_status":"closed","template":"","meta":{"advanced_seo_description":"","jetpack_seo_html_title":"","jetpack_seo_noindex":false},"product_brand":[],"product_cat":[229],"product_tag":[1136,724,2988,1388,31],"class_list":{"0":"post-8269","1":"product","2":"type-product","3":"status-publish","4":"has-post-thumbnail","6":"product_cat-sprzedane","7":"product_tag-bursztyn","8":"product_tag-jaspis","9":"product_tag-naszyjnik-z-bursztynami-i-jaspisami","10":"product_tag-naszyjnik-z-kolorowymi-kamieniami-naturalnymi","11":"product_tag-zloty-hematyt","13":"first","14":"outofstock","15":"shipping-taxable","16":"purchasable","17":"product-type-simple"},"jetpack_sharing_enabled":true,"_links":{"self":[{"href":"https:\/\/koraledetale.pl\/index.php?rest_route=\/wp\/v2\/product\/8269","targetHints":{"allow":["GET"]}}],"collection":[{"href":"https:\/\/koraledetale.pl\/index.php?rest_route=\/wp\/v2\/product"}],"about":[{"href":"https:\/\/koraledetale.pl\/index.php?rest_route=\/wp\/v2\/types\/product"}],"replies":[{"embeddable":true,"href":"https:\/\/koraledetale.pl\/index.php?rest_route=%2Fwp%2Fv2%2Fcomments&post=8269"}],"wp:featuredmedia":[{"embeddable":true,"href":"https:\/\/koraledetale.pl\/index.php?rest_route=\/wp\/v2\/media\/8274"}],"wp:attachment":[{"href":"https:\/\/koraledetale.pl\/index.php?rest_route=%2Fwp%2Fv2%2Fmedia&parent=8269"}],"wp:term":[{"taxonomy":"product_brand","embeddable":true,"href":"https:\/\/koraledetale.pl\/index.php?rest_route=%2Fwp%2Fv2%2Fproduct_brand&post=8269"},{"taxonomy":"product_cat","embeddable":true,"href":"https:\/\/koraledetale.pl\/index.php?rest_route=%2Fwp%2Fv2%2Fproduct_cat&post=8269"},{"taxonomy":"product_tag","embeddable":true,"href":"https:\/\/koraledetale.pl\/index.php?rest_route=%2Fwp%2Fv2%2Fproduct_tag&post=8269"}],"curies":[{"name":"wp","href":"https:\/\/api.w.org\/{rel}","templated":true}]}}