{"id":8268,"date":"2026-01-30T16:02:33","date_gmt":"2026-01-30T16:02:33","guid":{"rendered":"https:\/\/koraledetale.pl\/?post_type=product&#038;p=8268"},"modified":"2026-03-02T07:07:31","modified_gmt":"2026-03-02T07:07:31","slug":"bransoletka-obfitosci-z-pirytami-i-cytrynami","status":"publish","type":"product","link":"https:\/\/koraledetale.pl\/?product=bransoletka-obfitosci-z-pirytami-i-cytrynami","title":{"rendered":"Bransoletka OBFITO\u015aCI z pirytami i cytrynami"},"content":{"rendered":"<p>Wielko\u015b\u0107 kamieni<\/p>\n<ul>\n<li>piryt &#8211; 4 mm,<\/li>\n<li>cytryn \u2013 10\u00d78,5\u00d75 mm i 3,5 mm,<\/li>\n<li>hematyt &#8211; 2&#215;1 mm i 2 mm.<\/li>\n<\/ul>\n<p>D\u0142ugo\u015b\u0107 bransoletki: 16,5 &#8211; 19,5 cm.<\/p>\n<p>Wszystkie elementy metalowe wykonane s\u0105 z nieuczulaj\u0105cej stali szlachetnej w kolorze z\u0142otym.<\/p>\n","protected":false},"excerpt":{"rendered":"<p>Bransoletka z pirytami, przeplatanymi cytrynami i z\u0142otymi hematytami, z wi\u0119kszym, prostok\u0105tnym cytrynem w centrum.<\/p>\n","protected":false},"featured_media":8266,"comment_status":"open","ping_status":"closed","template":"","meta":{"advanced_seo_description":"","jetpack_seo_html_title":"","jetpack_seo_noindex":false},"product_brand":[],"product_cat":[17],"product_tag":[2590,80,2987,193,156,31],"class_list":{"0":"post-8268","1":"product","2":"type-product","3":"status-publish","4":"has-post-thumbnail","6":"product_cat-bransoletki","7":"product_tag-bransoletka-na-pieniadze","8":"product_tag-bransoletka-z-kamieniami-naturalnymi","9":"product_tag-bransoletka-z-pirytami-i-cytrynami","10":"product_tag-cytryn","11":"product_tag-piryt","12":"product_tag-zloty-hematyt","14":"first","15":"instock","16":"shipping-taxable","17":"purchasable","18":"product-type-simple"},"jetpack_sharing_enabled":true,"_links":{"self":[{"href":"https:\/\/koraledetale.pl\/index.php?rest_route=\/wp\/v2\/product\/8268","targetHints":{"allow":["GET"]}}],"collection":[{"href":"https:\/\/koraledetale.pl\/index.php?rest_route=\/wp\/v2\/product"}],"about":[{"href":"https:\/\/koraledetale.pl\/index.php?rest_route=\/wp\/v2\/types\/product"}],"replies":[{"embeddable":true,"href":"https:\/\/koraledetale.pl\/index.php?rest_route=%2Fwp%2Fv2%2Fcomments&post=8268"}],"wp:featuredmedia":[{"embeddable":true,"href":"https:\/\/koraledetale.pl\/index.php?rest_route=\/wp\/v2\/media\/8266"}],"wp:attachment":[{"href":"https:\/\/koraledetale.pl\/index.php?rest_route=%2Fwp%2Fv2%2Fmedia&parent=8268"}],"wp:term":[{"taxonomy":"product_brand","embeddable":true,"href":"https:\/\/koraledetale.pl\/index.php?rest_route=%2Fwp%2Fv2%2Fproduct_brand&post=8268"},{"taxonomy":"product_cat","embeddable":true,"href":"https:\/\/koraledetale.pl\/index.php?rest_route=%2Fwp%2Fv2%2Fproduct_cat&post=8268"},{"taxonomy":"product_tag","embeddable":true,"href":"https:\/\/koraledetale.pl\/index.php?rest_route=%2Fwp%2Fv2%2Fproduct_tag&post=8268"}],"curies":[{"name":"wp","href":"https:\/\/api.w.org\/{rel}","templated":true}]}}