{"id":824,"date":"2021-06-29T12:11:41","date_gmt":"2021-06-29T12:11:41","guid":{"rendered":"https:\/\/koraledetale.pl\/?post_type=product&#038;p=824"},"modified":"2024-11-11T11:12:57","modified_gmt":"2024-11-11T11:12:57","slug":"bransoletka-z-szafirami-i-rozowymi-opalami","status":"publish","type":"product","link":"https:\/\/koraledetale.pl\/?product=bransoletka-z-szafirami-i-rozowymi-opalami","title":{"rendered":"Bransoletka z szafirami i r\u00f3\u017cowymi opalami"},"content":{"rendered":"<p>Wielko\u015b\u0107 kamieni:<\/p>\n<ul>\n<li>szafir &#8211; 2 mm,<\/li>\n<li>r\u00f3\u017cowy opal &#8211; 2 mm,<\/li>\n<li>hematyt &#8211; 2 mm.<\/li>\n<\/ul>\n<p>D\u0142ugo\u015b\u0107 bransoletki: 16-18,5 cm.<\/p>\n","protected":false},"excerpt":{"rendered":"<p>Bransoletka z drobnych, szlifowanych szafir\u00f3w i r\u00f3\u017cowych opali, przeplatanych kuleczkami z\u0142otego hematytu. Zapi\u0119cie wykonane jest ze stali chirurgicznej (szlachetnej).<\/p>\n","protected":false},"featured_media":819,"comment_status":"open","ping_status":"closed","template":"","meta":{"advanced_seo_description":"","jetpack_seo_html_title":"","jetpack_seo_noindex":false},"product_brand":[],"product_cat":[229],"product_tag":[344,345,299],"class_list":{"0":"post-824","1":"product","2":"type-product","3":"status-publish","4":"has-post-thumbnail","6":"product_cat-sprzedane","7":"product_tag-bransoletka-z-drobnych-szafirow-i-rozowych-opali","8":"product_tag-bransoletka-z-szafirow-opali-i-zlotych-hematytow","9":"product_tag-podwojna-bransoletka-z-drobnych-kamieni","11":"first","12":"outofstock","13":"shipping-taxable","14":"product-type-simple"},"jetpack_sharing_enabled":true,"_links":{"self":[{"href":"https:\/\/koraledetale.pl\/index.php?rest_route=\/wp\/v2\/product\/824","targetHints":{"allow":["GET"]}}],"collection":[{"href":"https:\/\/koraledetale.pl\/index.php?rest_route=\/wp\/v2\/product"}],"about":[{"href":"https:\/\/koraledetale.pl\/index.php?rest_route=\/wp\/v2\/types\/product"}],"replies":[{"embeddable":true,"href":"https:\/\/koraledetale.pl\/index.php?rest_route=%2Fwp%2Fv2%2Fcomments&post=824"}],"wp:featuredmedia":[{"embeddable":true,"href":"https:\/\/koraledetale.pl\/index.php?rest_route=\/wp\/v2\/media\/819"}],"wp:attachment":[{"href":"https:\/\/koraledetale.pl\/index.php?rest_route=%2Fwp%2Fv2%2Fmedia&parent=824"}],"wp:term":[{"taxonomy":"product_brand","embeddable":true,"href":"https:\/\/koraledetale.pl\/index.php?rest_route=%2Fwp%2Fv2%2Fproduct_brand&post=824"},{"taxonomy":"product_cat","embeddable":true,"href":"https:\/\/koraledetale.pl\/index.php?rest_route=%2Fwp%2Fv2%2Fproduct_cat&post=824"},{"taxonomy":"product_tag","embeddable":true,"href":"https:\/\/koraledetale.pl\/index.php?rest_route=%2Fwp%2Fv2%2Fproduct_tag&post=824"}],"curies":[{"name":"wp","href":"https:\/\/api.w.org\/{rel}","templated":true}]}}