{"id":8239,"date":"2026-01-16T16:32:12","date_gmt":"2026-01-16T16:32:12","guid":{"rendered":"https:\/\/koraledetale.pl\/?post_type=product&#038;p=8239"},"modified":"2026-01-16T16:44:50","modified_gmt":"2026-01-16T16:44:50","slug":"bransoletka-powitanie-slonca-z-larimarami-labradorytami-i-perlami","status":"publish","type":"product","link":"https:\/\/koraledetale.pl\/?product=bransoletka-powitanie-slonca-z-larimarami-labradorytami-i-perlami","title":{"rendered":"Bransoletka POWITANIE S\u0141O\u0143CA z larimarami, labradorytami i per\u0142ami"},"content":{"rendered":"<p>Wielko\u015b\u0107 kamieni:<\/p>\n<ul>\n<li>larimar \u2013 5&#215;3,5 mm, 3,5 mm i 3 mm,<\/li>\n<li>labradoryt \u2013 4 mm i 5,5\u00d75,5 mm,<\/li>\n<li>per\u0142a \u2013 ok. 6\u00d75 mm,<\/li>\n<li>hematyt \u2013 4\u00d72 mm, 2\u00d71 mm i 2 mm.<\/li>\n<\/ul>\n<p>D\u0142ugo\u015b\u0107 bransoletki:\u00a0 17,5 &#8211; 20,5 cm.<\/p>\n<p>Kamienie zasupe\u0142kowane s\u0105 na szarej, jedwabnej nici jubilerskiej.<\/p>\n<p>Wszystkie elementy metalowe wykonane s\u0105 z nieuczulaj\u0119cej stali szlachetnej.<\/p>\n","protected":false},"excerpt":{"rendered":"<p>Bransoletka z larimarami, labradorytami i szarymi per\u0142ami, przeplatanymi z\u0142otymi hematytami.<\/p>\n","protected":false},"featured_media":8238,"comment_status":"open","ping_status":"closed","template":"","meta":{"advanced_seo_description":"","jetpack_seo_html_title":"","jetpack_seo_noindex":false},"product_brand":[],"product_cat":[17],"product_tag":[80,2982,1769,56,488,61,31],"class_list":{"0":"post-8239","1":"product","2":"type-product","3":"status-publish","4":"has-post-thumbnail","6":"product_cat-bransoletki","7":"product_tag-bransoletka-z-kamieniami-naturalnymi","8":"product_tag-bransoletka-z-larimarami-labradorytami-i-perlami","9":"product_tag-bransoletka-z-szarymi-kamieniami-naturalnymi","10":"product_tag-labradoryt","11":"product_tag-larimar","12":"product_tag-szara-perla","13":"product_tag-zloty-hematyt","15":"first","16":"instock","17":"shipping-taxable","18":"purchasable","19":"product-type-simple"},"jetpack_sharing_enabled":true,"_links":{"self":[{"href":"https:\/\/koraledetale.pl\/index.php?rest_route=\/wp\/v2\/product\/8239","targetHints":{"allow":["GET"]}}],"collection":[{"href":"https:\/\/koraledetale.pl\/index.php?rest_route=\/wp\/v2\/product"}],"about":[{"href":"https:\/\/koraledetale.pl\/index.php?rest_route=\/wp\/v2\/types\/product"}],"replies":[{"embeddable":true,"href":"https:\/\/koraledetale.pl\/index.php?rest_route=%2Fwp%2Fv2%2Fcomments&post=8239"}],"wp:featuredmedia":[{"embeddable":true,"href":"https:\/\/koraledetale.pl\/index.php?rest_route=\/wp\/v2\/media\/8238"}],"wp:attachment":[{"href":"https:\/\/koraledetale.pl\/index.php?rest_route=%2Fwp%2Fv2%2Fmedia&parent=8239"}],"wp:term":[{"taxonomy":"product_brand","embeddable":true,"href":"https:\/\/koraledetale.pl\/index.php?rest_route=%2Fwp%2Fv2%2Fproduct_brand&post=8239"},{"taxonomy":"product_cat","embeddable":true,"href":"https:\/\/koraledetale.pl\/index.php?rest_route=%2Fwp%2Fv2%2Fproduct_cat&post=8239"},{"taxonomy":"product_tag","embeddable":true,"href":"https:\/\/koraledetale.pl\/index.php?rest_route=%2Fwp%2Fv2%2Fproduct_tag&post=8239"}],"curies":[{"name":"wp","href":"https:\/\/api.w.org\/{rel}","templated":true}]}}