{"id":8231,"date":"2026-01-15T12:54:17","date_gmt":"2026-01-15T12:54:17","guid":{"rendered":"https:\/\/koraledetale.pl\/?post_type=product&#038;p=8231"},"modified":"2026-01-15T13:11:30","modified_gmt":"2026-01-15T13:11:30","slug":"bransoletka-blank-z-hematytami-wersja-srebrna","status":"publish","type":"product","link":"https:\/\/koraledetale.pl\/?product=bransoletka-blank-z-hematytami-wersja-srebrna","title":{"rendered":"Bransoletka BLANK z hematytami \u2013 wersja srebrna"},"content":{"rendered":"<p>Wielko\u015b\u0107 hematyt\u00f3w \u2013 3 mm.<\/p>\n<p>\u015arednica zawieszki \u2013 8 mm.<\/p>\n<p>Bransoletka pasuje na nadgarstek o obj\u0119to\u015bci 16-17,5 cm.<\/p>\n<p>Wszystkie elementy metalowe wykonane s\u0105 z nieuczulaj\u0105cej stali szlachetnej.<\/p>\n","protected":false},"excerpt":{"rendered":"<p>Bransoletka na gumce ze srebrnymi hematytami i zawieszk\u0105 \u2013 okr\u0105g\u0142\u0105 blaszk\u0105.<\/p>\n","protected":false},"featured_media":8228,"comment_status":"open","ping_status":"closed","template":"","meta":{"advanced_seo_description":"","jetpack_seo_html_title":"","jetpack_seo_noindex":false},"product_brand":[],"product_cat":[17],"product_tag":[2979,2978,26,72],"class_list":{"0":"post-8231","1":"product","2":"type-product","3":"status-publish","4":"has-post-thumbnail","6":"product_cat-bransoletki","7":"product_tag-bransoletka-na-gumce-z-hematytami","8":"product_tag-bransoletka-ze-srebrnymi-hematytami-i-zawieszka","9":"product_tag-srebrny-hematyt","10":"product_tag-zawieszka","12":"first","13":"instock","14":"shipping-taxable","15":"purchasable","16":"product-type-simple"},"jetpack_sharing_enabled":true,"_links":{"self":[{"href":"https:\/\/koraledetale.pl\/index.php?rest_route=\/wp\/v2\/product\/8231","targetHints":{"allow":["GET"]}}],"collection":[{"href":"https:\/\/koraledetale.pl\/index.php?rest_route=\/wp\/v2\/product"}],"about":[{"href":"https:\/\/koraledetale.pl\/index.php?rest_route=\/wp\/v2\/types\/product"}],"replies":[{"embeddable":true,"href":"https:\/\/koraledetale.pl\/index.php?rest_route=%2Fwp%2Fv2%2Fcomments&post=8231"}],"wp:featuredmedia":[{"embeddable":true,"href":"https:\/\/koraledetale.pl\/index.php?rest_route=\/wp\/v2\/media\/8228"}],"wp:attachment":[{"href":"https:\/\/koraledetale.pl\/index.php?rest_route=%2Fwp%2Fv2%2Fmedia&parent=8231"}],"wp:term":[{"taxonomy":"product_brand","embeddable":true,"href":"https:\/\/koraledetale.pl\/index.php?rest_route=%2Fwp%2Fv2%2Fproduct_brand&post=8231"},{"taxonomy":"product_cat","embeddable":true,"href":"https:\/\/koraledetale.pl\/index.php?rest_route=%2Fwp%2Fv2%2Fproduct_cat&post=8231"},{"taxonomy":"product_tag","embeddable":true,"href":"https:\/\/koraledetale.pl\/index.php?rest_route=%2Fwp%2Fv2%2Fproduct_tag&post=8231"}],"curies":[{"name":"wp","href":"https:\/\/api.w.org\/{rel}","templated":true}]}}