{"id":8230,"date":"2026-01-15T12:51:17","date_gmt":"2026-01-15T12:51:17","guid":{"rendered":"https:\/\/koraledetale.pl\/?post_type=product&#038;p=8230"},"modified":"2026-01-19T17:04:57","modified_gmt":"2026-01-19T17:04:57","slug":"bransoletka-uno-z-hematytami-wersja-srebrna","status":"publish","type":"product","link":"https:\/\/koraledetale.pl\/?product=bransoletka-uno-z-hematytami-wersja-srebrna","title":{"rendered":"Bransoletka UNO z hematytami \u2013 wersja srebrna"},"content":{"rendered":"<p>Wielko\u015b\u0107 hematyt\u00f3w \u2013 3 mm.<\/p>\n<p>Regulowana d\u0142ugo\u015b\u0107 bransoletki: 17 &#8211; 26 cm.<\/p>\n<p>Kamienie zasupe\u0142kowane s\u0105 na czarnym, mocnym sznurku jubilerskim.<\/p>\n","protected":false},"excerpt":{"rendered":"<p>Bransoletka ze srebrnymi hematytami, zasup\u0142anymi na czarnym sznurku.<\/p>\n","protected":false},"featured_media":8225,"comment_status":"open","ping_status":"closed","template":"","meta":{"advanced_seo_description":"","jetpack_seo_html_title":"","jetpack_seo_noindex":false},"product_brand":[],"product_cat":[17],"product_tag":[2975,80,2974,26],"class_list":{"0":"post-8230","1":"product","2":"type-product","3":"status-publish","4":"has-post-thumbnail","6":"product_cat-bransoletki","7":"product_tag-bransoletka-z-hematytami-na-sznurku","8":"product_tag-bransoletka-z-kamieniami-naturalnymi","9":"product_tag-regulowana-bransoletka-ze-srebrnymi-hematytami","10":"product_tag-srebrny-hematyt","12":"first","13":"instock","14":"shipping-taxable","15":"purchasable","16":"product-type-simple"},"jetpack_sharing_enabled":true,"_links":{"self":[{"href":"https:\/\/koraledetale.pl\/index.php?rest_route=\/wp\/v2\/product\/8230","targetHints":{"allow":["GET"]}}],"collection":[{"href":"https:\/\/koraledetale.pl\/index.php?rest_route=\/wp\/v2\/product"}],"about":[{"href":"https:\/\/koraledetale.pl\/index.php?rest_route=\/wp\/v2\/types\/product"}],"replies":[{"embeddable":true,"href":"https:\/\/koraledetale.pl\/index.php?rest_route=%2Fwp%2Fv2%2Fcomments&post=8230"}],"wp:featuredmedia":[{"embeddable":true,"href":"https:\/\/koraledetale.pl\/index.php?rest_route=\/wp\/v2\/media\/8225"}],"wp:attachment":[{"href":"https:\/\/koraledetale.pl\/index.php?rest_route=%2Fwp%2Fv2%2Fmedia&parent=8230"}],"wp:term":[{"taxonomy":"product_brand","embeddable":true,"href":"https:\/\/koraledetale.pl\/index.php?rest_route=%2Fwp%2Fv2%2Fproduct_brand&post=8230"},{"taxonomy":"product_cat","embeddable":true,"href":"https:\/\/koraledetale.pl\/index.php?rest_route=%2Fwp%2Fv2%2Fproduct_cat&post=8230"},{"taxonomy":"product_tag","embeddable":true,"href":"https:\/\/koraledetale.pl\/index.php?rest_route=%2Fwp%2Fv2%2Fproduct_tag&post=8230"}],"curies":[{"name":"wp","href":"https:\/\/api.w.org\/{rel}","templated":true}]}}