{"id":8229,"date":"2026-01-15T12:48:52","date_gmt":"2026-01-15T12:48:52","guid":{"rendered":"https:\/\/koraledetale.pl\/?post_type=product&#038;p=8229"},"modified":"2026-01-19T17:05:07","modified_gmt":"2026-01-19T17:05:07","slug":"bransoletka-blank-z-hematytami-wersja-zlota","status":"publish","type":"product","link":"https:\/\/koraledetale.pl\/?product=bransoletka-blank-z-hematytami-wersja-zlota","title":{"rendered":"Bransoletka BLANK z hematytami &#8211; wersja z\u0142ota"},"content":{"rendered":"<p>Wielko\u015b\u0107 hematyt\u00f3w \u2013 4 mm.<\/p>\n<p>\u015arednica zawieszki &#8211; 1,5 cm.<\/p>\n<p>Bransoletka pasuje na nadgarstek o obj\u0119to\u015bci 16 &#8211; 18 cm.<\/p>\n<p>Wszystkie elementy metalowe wykonane s\u0105 z nieuczulaj\u0105cej stali szlachetnej.<\/p>\n<p>&nbsp;<\/p>\n","protected":false},"excerpt":{"rendered":"<p>Bransoletka na gumce ze z\u0142otymi hematytami i zawieszk\u0105 &#8211; okr\u0105g\u0142\u0105 blaszk\u0105.<\/p>\n","protected":false},"featured_media":8224,"comment_status":"open","ping_status":"closed","template":"","meta":{"advanced_seo_description":"","jetpack_seo_html_title":"","jetpack_seo_noindex":false},"product_brand":[],"product_cat":[17],"product_tag":[2976,80,2977,31],"class_list":{"0":"post-8229","1":"product","2":"type-product","3":"status-publish","4":"has-post-thumbnail","6":"product_cat-bransoletki","7":"product_tag-bransoletka-z-hematytami-na-gumce","8":"product_tag-bransoletka-z-kamieniami-naturalnymi","9":"product_tag-bransoletka-ze-zlotymi-hematytami-z-zawieszka","10":"product_tag-zloty-hematyt","12":"first","13":"instock","14":"shipping-taxable","15":"purchasable","16":"product-type-simple"},"jetpack_sharing_enabled":true,"_links":{"self":[{"href":"https:\/\/koraledetale.pl\/index.php?rest_route=\/wp\/v2\/product\/8229","targetHints":{"allow":["GET"]}}],"collection":[{"href":"https:\/\/koraledetale.pl\/index.php?rest_route=\/wp\/v2\/product"}],"about":[{"href":"https:\/\/koraledetale.pl\/index.php?rest_route=\/wp\/v2\/types\/product"}],"replies":[{"embeddable":true,"href":"https:\/\/koraledetale.pl\/index.php?rest_route=%2Fwp%2Fv2%2Fcomments&post=8229"}],"wp:featuredmedia":[{"embeddable":true,"href":"https:\/\/koraledetale.pl\/index.php?rest_route=\/wp\/v2\/media\/8224"}],"wp:attachment":[{"href":"https:\/\/koraledetale.pl\/index.php?rest_route=%2Fwp%2Fv2%2Fmedia&parent=8229"}],"wp:term":[{"taxonomy":"product_brand","embeddable":true,"href":"https:\/\/koraledetale.pl\/index.php?rest_route=%2Fwp%2Fv2%2Fproduct_brand&post=8229"},{"taxonomy":"product_cat","embeddable":true,"href":"https:\/\/koraledetale.pl\/index.php?rest_route=%2Fwp%2Fv2%2Fproduct_cat&post=8229"},{"taxonomy":"product_tag","embeddable":true,"href":"https:\/\/koraledetale.pl\/index.php?rest_route=%2Fwp%2Fv2%2Fproduct_tag&post=8229"}],"curies":[{"name":"wp","href":"https:\/\/api.w.org\/{rel}","templated":true}]}}