{"id":8205,"date":"2026-01-06T16:22:39","date_gmt":"2026-01-06T16:22:39","guid":{"rendered":"https:\/\/koraledetale.pl\/?post_type=product&#038;p=8205"},"modified":"2026-01-11T17:39:44","modified_gmt":"2026-01-11T17:39:44","slug":"naszyjnik-emocja-z-kianitami-i-labradorytem","status":"publish","type":"product","link":"https:\/\/koraledetale.pl\/?product=naszyjnik-emocja-z-kianitami-i-labradorytem","title":{"rendered":"Naszyjnik EMOCJA z kianitami i labradorytem"},"content":{"rendered":"<p>Wielko\u015b\u0107 kamieni:<\/p>\n<ul>\n<li>kianit \u2013 4 mm,<\/li>\n<li>labradoryt \u2013 8,5&#215;7,5&#215;4 mm,<\/li>\n<li>hematyt \u2013 2 mm i 2\u00d71 mm.<\/li>\n<\/ul>\n<p>Regulowana d\u0142ugo\u015b\u0107 naszyjnika \u2013 do 64 cm.<\/p>\n<p>Kamienie zasupe\u0142kowane s\u0105 na szarym, jedwabnym sznureczku.<\/p>\n","protected":false},"excerpt":{"rendered":"<p>Naszyjnik na jedwabnym sznureczku z kianitami w odcieniach szaro\u015bci, zieleni i niebieskiego, przeplatanymi z\u0142otymi hematytami. Zwie\u0144czeniem naszyjnika jest zawieszka &#8211; p\u00f3\u0142ksi\u0119\u017cyc z \u0142ezk\u0105 labradorytu. Mo\u017cesz nosi\u0107 go tu\u017c przy szyi, na dekolcie lub jako \u015bredniej d\u0142ugo\u015bci naszyjnik.<\/p>\n","protected":false},"featured_media":8204,"comment_status":"open","ping_status":"closed","template":"","meta":{"advanced_seo_description":"","jetpack_seo_html_title":"","jetpack_seo_noindex":false},"product_brand":[],"product_cat":[229],"product_tag":[478,2967,323,501,56,2968,541],"class_list":{"0":"post-8205","1":"product","2":"type-product","3":"status-publish","4":"has-post-thumbnail","6":"product_cat-sprzedane","7":"product_tag-jedwab","8":"product_tag-jedwabny-naszyjnik-z-kianitami-i-labradorytem","9":"product_tag-kianit","10":"product_tag-ksiezyc","11":"product_tag-labradoryt","12":"product_tag-naszyjnik-z-kianitami-ksiezycem-i-labradoryte","13":"product_tag-regulowany-naszyjnik-z-kamieniami-naturalnymi","15":"first","16":"outofstock","17":"shipping-taxable","18":"purchasable","19":"product-type-simple"},"jetpack_sharing_enabled":true,"_links":{"self":[{"href":"https:\/\/koraledetale.pl\/index.php?rest_route=\/wp\/v2\/product\/8205","targetHints":{"allow":["GET"]}}],"collection":[{"href":"https:\/\/koraledetale.pl\/index.php?rest_route=\/wp\/v2\/product"}],"about":[{"href":"https:\/\/koraledetale.pl\/index.php?rest_route=\/wp\/v2\/types\/product"}],"replies":[{"embeddable":true,"href":"https:\/\/koraledetale.pl\/index.php?rest_route=%2Fwp%2Fv2%2Fcomments&post=8205"}],"wp:featuredmedia":[{"embeddable":true,"href":"https:\/\/koraledetale.pl\/index.php?rest_route=\/wp\/v2\/media\/8204"}],"wp:attachment":[{"href":"https:\/\/koraledetale.pl\/index.php?rest_route=%2Fwp%2Fv2%2Fmedia&parent=8205"}],"wp:term":[{"taxonomy":"product_brand","embeddable":true,"href":"https:\/\/koraledetale.pl\/index.php?rest_route=%2Fwp%2Fv2%2Fproduct_brand&post=8205"},{"taxonomy":"product_cat","embeddable":true,"href":"https:\/\/koraledetale.pl\/index.php?rest_route=%2Fwp%2Fv2%2Fproduct_cat&post=8205"},{"taxonomy":"product_tag","embeddable":true,"href":"https:\/\/koraledetale.pl\/index.php?rest_route=%2Fwp%2Fv2%2Fproduct_tag&post=8205"}],"curies":[{"name":"wp","href":"https:\/\/api.w.org\/{rel}","templated":true}]}}