{"id":8190,"date":"2026-01-05T19:11:30","date_gmt":"2026-01-05T19:11:30","guid":{"rendered":"https:\/\/koraledetale.pl\/?post_type=product&#038;p=8190"},"modified":"2026-01-31T16:47:09","modified_gmt":"2026-01-31T16:47:09","slug":"naszyjnik-seledynowy-z-perlami-i-chalcedonami","status":"publish","type":"product","link":"https:\/\/koraledetale.pl\/?product=naszyjnik-seledynowy-z-perlami-i-chalcedonami","title":{"rendered":"Naszyjnik SELEDYNOWY z per\u0142ami, szmaragdami i chalcedonem"},"content":{"rendered":"<p>Wielko\u015b\u0107 kamieni<\/p>\n<ul>\n<li>per\u0142a \u2013 ok. 4 mm,<\/li>\n<li>chalcedon \u2013 12\u00d711\u00d79 mm,<\/li>\n<li>szmaragd &#8211; 3,5 mm,<\/li>\n<li>hematyt &#8211; 2 mm.<\/li>\n<\/ul>\n<p>D\u0142ugo\u015b\u0107 naszyjnika: 52,5 &#8211; 57,5 cm.<\/p>\n<p>Wszystkie elementy metalowe wykonane s\u0105 z nieuczulaj\u0105cej stali szlachetnej w kolorze z\u0142otym.<\/p>\n","protected":false},"excerpt":{"rendered":"<p>\u0141a\u0144cuszek z per\u0142ami, \u0142ezk\u0105 seledynowego chalcedonu oraz dwoma szmaragdami po bokach.<\/p>\n","protected":false},"featured_media":8191,"comment_status":"open","ping_status":"closed","template":"","meta":{"advanced_seo_description":"","jetpack_seo_html_title":"","jetpack_seo_noindex":false},"product_brand":[],"product_cat":[15],"product_tag":[439,2963,2986,57,2964,182],"class_list":{"0":"post-8190","1":"product","2":"type-product","3":"status-publish","4":"has-post-thumbnail","6":"product_cat-naszyjniki","7":"product_tag-chalcedon","8":"product_tag-naszyjnik-z-bialymi-i-seledynowymi-kamieniami-naturalnymi","9":"product_tag-naszyjnik-z-perlami-szmaragdami-i-chalcedonem","10":"product_tag-perla","11":"product_tag-zloty-hematyt-szmaragd","12":"product_tag-lancuszek-z-perlami","14":"first","15":"instock","16":"shipping-taxable","17":"purchasable","18":"product-type-simple"},"jetpack_sharing_enabled":true,"_links":{"self":[{"href":"https:\/\/koraledetale.pl\/index.php?rest_route=\/wp\/v2\/product\/8190","targetHints":{"allow":["GET"]}}],"collection":[{"href":"https:\/\/koraledetale.pl\/index.php?rest_route=\/wp\/v2\/product"}],"about":[{"href":"https:\/\/koraledetale.pl\/index.php?rest_route=\/wp\/v2\/types\/product"}],"replies":[{"embeddable":true,"href":"https:\/\/koraledetale.pl\/index.php?rest_route=%2Fwp%2Fv2%2Fcomments&post=8190"}],"wp:featuredmedia":[{"embeddable":true,"href":"https:\/\/koraledetale.pl\/index.php?rest_route=\/wp\/v2\/media\/8191"}],"wp:attachment":[{"href":"https:\/\/koraledetale.pl\/index.php?rest_route=%2Fwp%2Fv2%2Fmedia&parent=8190"}],"wp:term":[{"taxonomy":"product_brand","embeddable":true,"href":"https:\/\/koraledetale.pl\/index.php?rest_route=%2Fwp%2Fv2%2Fproduct_brand&post=8190"},{"taxonomy":"product_cat","embeddable":true,"href":"https:\/\/koraledetale.pl\/index.php?rest_route=%2Fwp%2Fv2%2Fproduct_cat&post=8190"},{"taxonomy":"product_tag","embeddable":true,"href":"https:\/\/koraledetale.pl\/index.php?rest_route=%2Fwp%2Fv2%2Fproduct_tag&post=8190"}],"curies":[{"name":"wp","href":"https:\/\/api.w.org\/{rel}","templated":true}]}}