{"id":8181,"date":"2026-01-03T17:30:12","date_gmt":"2026-01-03T17:30:12","guid":{"rendered":"https:\/\/koraledetale.pl\/?post_type=product&#038;p=8181"},"modified":"2026-01-03T17:32:01","modified_gmt":"2026-01-03T17:32:01","slug":"naszyjnik-nowy-rok-z-szafirami-kamieniami-ksiezycowymi-i-akwamarynem","status":"publish","type":"product","link":"https:\/\/koraledetale.pl\/?product=naszyjnik-nowy-rok-z-szafirami-kamieniami-ksiezycowymi-i-akwamarynem","title":{"rendered":"Naszyjnik NOWY ROK z szafirami, kamieniami ksi\u0119\u017cycowymi i akwamarynem"},"content":{"rendered":"<p>Wielko\u015b\u0107 kamieni:<\/p>\n<ul>\n<li>szafir \u2013 3 mm,<\/li>\n<li>kamie\u0144 ksi\u0119\u017cycowy \u2013 3 mm,<\/li>\n<li>akwamaryn \u2013 ok. 18&#215;13\u00d75,5 mm,<\/li>\n<li>hematyt \u2013 3\u00d71 mm i 2 mm.<\/li>\n<\/ul>\n<p>Regulowana d\u0142ugo\u015b\u0107 naszyjnika w zakresie 53 \u2013 83 cm, poprzez przeci\u0105gniecie sznureczk\u00f3w przez koralik-stoper (ze stali szlachetnej) + zawieszka 4,5 cm.<\/p>\n<p>Kamienie zasupe\u0142kowane s\u0105 na szarym, jedwabnym sznureczku.<\/p>\n","protected":false},"excerpt":{"rendered":"<p>Jedwabny naszyjnik o regulowanej d\u0142ugo\u015bci, z szafirami i kamieniami ksi\u0119\u017cycowymi, przeplatanymi z\u0142otymi hematytami, zwie\u0144czony zawieszk\u0105 z akwamarynem. Mo\u017cesz go nosi\u0107 jako \u015bredniej d\u0142ugo\u015bci lub d\u0142u\u017cszy, w zale\u017cno\u015bci od potrzeb.<\/p>\n","protected":false},"featured_media":8185,"comment_status":"open","ping_status":"closed","template":"","meta":{"advanced_seo_description":"","jetpack_seo_html_title":"","jetpack_seo_noindex":false},"product_brand":[],"product_cat":[15],"product_tag":[2429,2959,541,2958,25,31],"class_list":{"0":"post-8181","1":"product","2":"type-product","3":"status-publish","4":"has-post-thumbnail","6":"product_cat-naszyjniki","7":"product_tag-jedwabny-naszyjnik-z-kamieniami-naturalnymi","8":"product_tag-kamien-ksiezycowy-akawamaryn","9":"product_tag-regulowany-naszyjnik-z-kamieniami-naturalnymi","10":"product_tag-regulowany-naszyjnik-z-szafirami-kamieniami-ksiezycowymi-i-akwamarynem","11":"product_tag-szafir","12":"product_tag-zloty-hematyt","14":"first","15":"instock","16":"shipping-taxable","17":"purchasable","18":"product-type-simple"},"jetpack_sharing_enabled":true,"_links":{"self":[{"href":"https:\/\/koraledetale.pl\/index.php?rest_route=\/wp\/v2\/product\/8181","targetHints":{"allow":["GET"]}}],"collection":[{"href":"https:\/\/koraledetale.pl\/index.php?rest_route=\/wp\/v2\/product"}],"about":[{"href":"https:\/\/koraledetale.pl\/index.php?rest_route=\/wp\/v2\/types\/product"}],"replies":[{"embeddable":true,"href":"https:\/\/koraledetale.pl\/index.php?rest_route=%2Fwp%2Fv2%2Fcomments&post=8181"}],"wp:featuredmedia":[{"embeddable":true,"href":"https:\/\/koraledetale.pl\/index.php?rest_route=\/wp\/v2\/media\/8185"}],"wp:attachment":[{"href":"https:\/\/koraledetale.pl\/index.php?rest_route=%2Fwp%2Fv2%2Fmedia&parent=8181"}],"wp:term":[{"taxonomy":"product_brand","embeddable":true,"href":"https:\/\/koraledetale.pl\/index.php?rest_route=%2Fwp%2Fv2%2Fproduct_brand&post=8181"},{"taxonomy":"product_cat","embeddable":true,"href":"https:\/\/koraledetale.pl\/index.php?rest_route=%2Fwp%2Fv2%2Fproduct_cat&post=8181"},{"taxonomy":"product_tag","embeddable":true,"href":"https:\/\/koraledetale.pl\/index.php?rest_route=%2Fwp%2Fv2%2Fproduct_tag&post=8181"}],"curies":[{"name":"wp","href":"https:\/\/api.w.org\/{rel}","templated":true}]}}