{"id":8156,"date":"2025-12-15T13:35:17","date_gmt":"2025-12-15T13:35:17","guid":{"rendered":"https:\/\/koraledetale.pl\/?post_type=product&#038;p=8156"},"modified":"2026-03-02T07:10:51","modified_gmt":"2026-03-02T07:10:51","slug":"pierscionek-duo-z-pelami","status":"publish","type":"product","link":"https:\/\/koraledetale.pl\/?product=pierscionek-duo-z-pelami","title":{"rendered":"Pier\u015bcionek DUO z pe\u0142ami"},"content":{"rendered":"<p>Wielko\u015b\u0107 kamieni:<\/p>\n<ul>\n<li>per\u0142a &#8211; ok. 4,5&#215;3,5 mm,<\/li>\n<li>hematyt &#8211; 2,5&#215;1 mm i 5x5x2 mm.<\/li>\n<\/ul>\n<p>Wielko\u015b\u0107 pier\u015bcionka 13-14.<\/p>\n","protected":false},"excerpt":{"rendered":"<p>Podw\u00f3jny pier\u015bcionek elastyczny z bia\u0142ymi per\u0142ami hodowlanymi, przeplatanymi z\u0142otymi hematytami, z hematytowymi \u0142\u0105cznikami.<\/p>\n","protected":false},"featured_media":8159,"comment_status":"open","ping_status":"closed","template":"","meta":{"advanced_seo_description":"","jetpack_seo_html_title":"","jetpack_seo_noindex":false},"product_brand":[],"product_cat":[19],"product_tag":[57,2950,2949,31],"class_list":{"0":"post-8156","1":"product","2":"type-product","3":"status-publish","4":"has-post-thumbnail","6":"product_cat-pierscionki","7":"product_tag-perla","8":"product_tag-perlowy-pierscionek","9":"product_tag-podwojny-pierscionek-z-perlami","10":"product_tag-zloty-hematyt","12":"first","13":"instock","14":"shipping-taxable","15":"purchasable","16":"product-type-simple"},"jetpack_sharing_enabled":true,"_links":{"self":[{"href":"https:\/\/koraledetale.pl\/index.php?rest_route=\/wp\/v2\/product\/8156","targetHints":{"allow":["GET"]}}],"collection":[{"href":"https:\/\/koraledetale.pl\/index.php?rest_route=\/wp\/v2\/product"}],"about":[{"href":"https:\/\/koraledetale.pl\/index.php?rest_route=\/wp\/v2\/types\/product"}],"replies":[{"embeddable":true,"href":"https:\/\/koraledetale.pl\/index.php?rest_route=%2Fwp%2Fv2%2Fcomments&post=8156"}],"wp:featuredmedia":[{"embeddable":true,"href":"https:\/\/koraledetale.pl\/index.php?rest_route=\/wp\/v2\/media\/8159"}],"wp:attachment":[{"href":"https:\/\/koraledetale.pl\/index.php?rest_route=%2Fwp%2Fv2%2Fmedia&parent=8156"}],"wp:term":[{"taxonomy":"product_brand","embeddable":true,"href":"https:\/\/koraledetale.pl\/index.php?rest_route=%2Fwp%2Fv2%2Fproduct_brand&post=8156"},{"taxonomy":"product_cat","embeddable":true,"href":"https:\/\/koraledetale.pl\/index.php?rest_route=%2Fwp%2Fv2%2Fproduct_cat&post=8156"},{"taxonomy":"product_tag","embeddable":true,"href":"https:\/\/koraledetale.pl\/index.php?rest_route=%2Fwp%2Fv2%2Fproduct_tag&post=8156"}],"curies":[{"name":"wp","href":"https:\/\/api.w.org\/{rel}","templated":true}]}}