{"id":8144,"date":"2025-12-12T06:50:51","date_gmt":"2025-12-12T06:50:51","guid":{"rendered":"https:\/\/koraledetale.pl\/?post_type=product&#038;p=8144"},"modified":"2026-02-16T19:50:06","modified_gmt":"2026-02-16T19:50:06","slug":"zestaw-rytual-wyciszenia","status":"publish","type":"product","link":"https:\/\/koraledetale.pl\/?product=zestaw-rytual-wyciszenia","title":{"rendered":"Zestaw RYTUA\u0141 WYCISZENIA"},"content":{"rendered":"<p class=\"sal-animate\" data-start=\"147\" data-end=\"589\" data-sal=\"fade\" data-sal-duration=\"600\"><strong data-start=\"147\" data-end=\"243\">Odkryj spok\u00f3j, harmoni\u0119 i subteln\u0105 energi\u0119, jakie niesie ze sob\u0105 zestaw \u201eRytua\u0142 Wyciszenia\u201d.<\/strong><br data-start=\"243\" data-end=\"246\" \/>Ten wyj\u0105tkowy zestaw powsta\u0142 we wsp\u00f3\u0142pracy BALINESIA x Korale i Inne Detale z my\u015bl\u0105 o osobach, kt\u00f3re pragn\u0105 zwolni\u0107 tempo, zanurzy\u0107 si\u0119 w chwili uwa\u017cno\u015bci i odnale\u017a\u0107 wewn\u0119trzn\u0105 r\u00f3wnowag\u0119. \u201eRytua\u0142 Wyciszenia\u201d \u0142\u0105czy balijsk\u0105 symbolik\u0119 z moc\u0105 naturalnych minera\u0142\u00f3w, tworz\u0105c pi\u0119kn\u0105 przestrze\u0144 do medytacji, duchowej praktyki i codziennego relaksu.<\/p>\n<h3 class=\"sal-animate\" data-start=\"591\" data-end=\"617\" data-sal=\"fade\" data-sal-duration=\"600\"><strong data-start=\"595\" data-end=\"617\">Zawarto\u015b\u0107 zestawu:<\/strong><\/h3>\n<p class=\"sal-animate\" data-start=\"619\" data-end=\"931\" data-sal=\"fade\" data-sal-duration=\"600\"><strong data-start=\"619\" data-end=\"663\">Balijska podstawka pod kadzide\u0142ka \u201eD\u0142o\u0144\u201d<\/strong>\u00a0\u2013 symbol ochrony, b\u0142ogos\u0142awie\u0144stwa i przep\u0142ywu pozytywnej energii. W kulturze Bali d\u0142o\u0144 kojarzona jest z wyciszeniem i uwa\u017cno\u015bci\u0105. Podstawka pozwala wprowadzi\u0107 do przestrzeni aromaty sprzyjaj\u0105ce medytacji i oczyszczaniu, tworz\u0105c atmosfer\u0119 spokoju i duchowej harmonii.<\/p>\n<p class=\"sal-animate\" data-start=\"933\" data-end=\"1251\" data-sal=\"fade\" data-sal-duration=\"600\"><strong data-start=\"933\" data-end=\"967\">Bransoletka z kamieniem kianit<\/strong>\u00a0\u2013 kianit jest minera\u0142em znanym z w\u0142a\u015bciwo\u015bci uspokajaj\u0105cych i harmonizuj\u0105cych. W praktykach jogi \u0142\u0105czy si\u0119 z czakr\u0105 gard\u0142a i trzeciego oka, wspieraj\u0105c intuicj\u0119, jasno\u015b\u0107 my\u015bli i wewn\u0119trzny spok\u00f3j. Pomaga uwolni\u0107 napi\u0119cia emocjonalne i rozproszenie, prowadz\u0105c do g\u0142\u0119bokiego wyciszenia.<\/p>\n","protected":false},"excerpt":{"rendered":"<p>Zestaw\u00a0<strong data-start=\"1265\" data-end=\"1288\">\u201eRytua\u0142 Wyciszenia\u201d<\/strong>\u00a0to harmonijne po\u0142\u0105czenie balijskiej symboliki i mocy naturalnego kamienia. Wspiera praktyki duchowe, medytacj\u0119 i chwil\u0119 zatrzymania w codziennym \u017cyciu. To idealny wyb\u00f3r dla os\u00f3b, kt\u00f3re pragn\u0105 stworzy\u0107 w swoim domu oaz\u0119 spokoju lub podarowa\u0107 bliskiej osobie prezent pe\u0142en intencji.<\/p>\n","protected":false},"featured_media":8146,"comment_status":"open","ping_status":"closed","template":"","meta":{"advanced_seo_description":"","jetpack_seo_html_title":"","jetpack_seo_noindex":false},"product_brand":[],"product_cat":[17],"product_tag":[2946,2947,323,2948,2945],"class_list":{"0":"post-8144","1":"product","2":"type-product","3":"status-publish","4":"has-post-thumbnail","6":"product_cat-bransoletki","7":"product_tag-box-prezentowy","8":"product_tag-bransoletka-z-kianitem","9":"product_tag-kianit","10":"product_tag-podstawka-pod-kadzidlo","11":"product_tag-zestaw-prezentowy","13":"first","14":"instock","15":"shipping-taxable","16":"purchasable","17":"product-type-simple"},"jetpack_sharing_enabled":true,"_links":{"self":[{"href":"https:\/\/koraledetale.pl\/index.php?rest_route=\/wp\/v2\/product\/8144","targetHints":{"allow":["GET"]}}],"collection":[{"href":"https:\/\/koraledetale.pl\/index.php?rest_route=\/wp\/v2\/product"}],"about":[{"href":"https:\/\/koraledetale.pl\/index.php?rest_route=\/wp\/v2\/types\/product"}],"replies":[{"embeddable":true,"href":"https:\/\/koraledetale.pl\/index.php?rest_route=%2Fwp%2Fv2%2Fcomments&post=8144"}],"wp:featuredmedia":[{"embeddable":true,"href":"https:\/\/koraledetale.pl\/index.php?rest_route=\/wp\/v2\/media\/8146"}],"wp:attachment":[{"href":"https:\/\/koraledetale.pl\/index.php?rest_route=%2Fwp%2Fv2%2Fmedia&parent=8144"}],"wp:term":[{"taxonomy":"product_brand","embeddable":true,"href":"https:\/\/koraledetale.pl\/index.php?rest_route=%2Fwp%2Fv2%2Fproduct_brand&post=8144"},{"taxonomy":"product_cat","embeddable":true,"href":"https:\/\/koraledetale.pl\/index.php?rest_route=%2Fwp%2Fv2%2Fproduct_cat&post=8144"},{"taxonomy":"product_tag","embeddable":true,"href":"https:\/\/koraledetale.pl\/index.php?rest_route=%2Fwp%2Fv2%2Fproduct_tag&post=8144"}],"curies":[{"name":"wp","href":"https:\/\/api.w.org\/{rel}","templated":true}]}}